{"id":5419,"date":"2023-09-06T20:41:59","date_gmt":"2023-09-06T17:41:59","guid":{"rendered":"https:\/\/kek10.gr\/informativa-sulla-privacy\/"},"modified":"2025-06-02T20:09:26","modified_gmt":"2025-06-02T17:09:26","slug":"informativa-sulla-privacy","status":"publish","type":"page","link":"https:\/\/kek10.gr\/it\/informativa-sulla-privacy\/","title":{"rendered":"Informativa sulla privacy"},"content":{"rendered":"\t\t<div data-elementor-type=\"wp-page\" data-elementor-id=\"5419\" class=\"elementor elementor-5419 elementor-3\">\n\t\t\t\t\t\t<section class=\"elementor-section elementor-top-section elementor-element elementor-element-1258836 elementor-section-boxed elementor-section-height-default elementor-section-height-default\" data-id=\"1258836\" data-element_type=\"section\" data-e-type=\"section\">\n\t\t\t\t\t\t<div class=\"elementor-container elementor-column-gap-default\">\n\t\t\t\t\t<div class=\"elementor-column elementor-col-100 elementor-top-column elementor-element elementor-element-1bfe5505\" data-id=\"1bfe5505\" data-element_type=\"column\" data-e-type=\"column\">\n\t\t\t<div class=\"elementor-widget-wrap elementor-element-populated\">\n\t\t\t\t\t\t<div class=\"elementor-element elementor-element-6054782b elementor-widget elementor-widget-text-editor\" data-id=\"6054782b\" data-element_type=\"widget\" data-e-type=\"widget\" data-widget_type=\"text-editor.default\">\n\t\t\t\t<div class=\"elementor-widget-container\">\n\t\t\t\t\t\t\t\t\t<p><\/p>\n<p>KEK10 K.D.B.M. \u2013 Centro di Formazione e Counselling, numero di licenza: 2100427, si \u00e8 conformato alle disposizioni del Regolamento Generale 679\/2016 (UE) 2016\/679 del PARLAMENTO EUROPEO E DEL CONSIGLIO del <sup>27<\/sup> aprile 2016 relativo alla protezione delle persone fisiche con riguardo al trattamento dei dati personali, nonch\u00e9 alla libera circolazione di tali dati e che abroga la direttiva 95\/46\/CE (Regolamento generale sulla protezione dei dati).<\/p>\n<p><strong>INFORMAZIONI SUL TRATTAMENTO DEI DATI PERSONALI<\/strong> <strong>NELL&#8217;AMBITO DI PROGRAMMI DI \"VOUCHER FORMATIVI<\/strong><\/p>\n<p>La nostra organizzazione con il nome di \"CENTRO DI FORMAZIONE PROFESSIONALE IN PALLIN &amp; S.A.\", K.D.B.M. con il titolo distintivo \"KEK10&#8243; e i dati di contatto telefono: 2106664106, indirizzo: 10 Marathonos Street, Pallini, email: info@kek10.gr, raccoglie su tua richiesta e tratta i tuoi dati personali in qualit\u00e0 di titolare del trattamento, al fine di fornirti servizi di formazione e\/o consulenza nell \"ambito dei programmi \u2018TRAINING VOUCHER\u2019, nel pieno rispetto di quanto previsto dal Regolamento (UE) 2016\/679 sulla protezione dei dati, dalla Legge n. 3471\/2006 sulla protezione dei dati nel settore delle comunicazioni elettroniche e in conformit\u00e0 con l\" attuale Informativa sulla protezione dei dati, accessibile sul sito web.  <a href=\"https:\/\/kek10.gr\/it\/\">https:\/\/kek10.gr<\/a><\/p>\n<p>Le categorie di dati che raccogliamo da te includono, ove applicabile (a seconda del programma di partecipazione), dati di identit\u00e0 (nome, cognome, patronimico, cognome da nubile, copia della carta d&#8217;identit\u00e0\/passaporto, data di nascita\/et\u00e0, luogo di nascita, origine), dati sull&#8217;istruzione (titoli di studio, diploma di informatica, certificati di conoscenza, programma di formazione desiderato, codice assegno di formazione\/codice TTC, date di formazione, frequenza), dati sull&#8217;occupazione (specialit\u00e0, esperienza precedente, dati del datore di lavoro, tipo di contratto, data di inizio\/fine contratto, orario di lavoro, O.AED, periodo di disoccupazione, periodo di disoccupazione del coniuge), dati finanziari (numero di identificazione IVA\/fiscale del coniuge, ufficio delle imposte, reddito individuale\/familiare, dati sui pagamenti), dati sulla sicurezza sociale (AMKA\/AMKA del coniuge, istituto assicurativo, categoria assicurativa), dati sulla protezione sociale (beneficiario del reddito di solidariet\u00e0 sociale, servizio civile), dati sulla protezione sociale (beneficiario del reddito di solidariet\u00e0 sociale, servizio civile), dati sullo stato civile (famiglia monoparentale, numero di figli minori), dati sulla salute (categoria di disabili \u2013 percentuale, figli disabili a carico \u2013 percentuale, certificato di dislessia), reati penali e dati di contatto (residenza, numero di telefono, indirizzo e-mail).<\/p>\n<p>Il trattamento dei tuoi dati personali \u00e8 necessario per consentirti di partecipare al programma \u201cTRAINING VOUCHER\u201d desiderato e per fornirti i nostri servizi. I tuoi dati personali non saranno trasmessi a terzi, ad eccezione delle autorit\u00e0 o dei servizi pubblici responsabili della gestione del programma in questione e di eventuali Organismi di Certificazione e saranno conservati per cinque (05) anni dal completamento della formazione per tutto il tempo previsto dal rispettivo bando pubblico. <\/p>\n<p><strong>Ti invitiamo a leggere attentamente i presenti termini e la relativa Informativa sulla sicurezza e sulla privacy del nostro istituto. Utilizzando i nostri siti web e\/o firmando il relativo modulo di consenso, ove applicabile, accetti incondizionatamente le pratiche qui descritte, i cui termini regolano il rapporto contrattuale tra noi e sono incorporati nei termini di utilizzo di ciascuno dei nostri servizi. <\/strong><\/p>\n<p> <\/p>\n<p><strong>1.Cosa sono i tuoi dati personali<\/strong><\/p>\n<p>I tuoi dati personali comprendono qualsiasi informazione, cartacea o elettronica, che possa portare, direttamente o in combinazione con altri dati, alla tua identificazione univoca o alla tua identificazione come persona fisica. This category includes, as the case may be, data such as your full name, your physical &amp; electronic addresses (emails), academic education data &amp; Esperienza professionale, i tuoi numeri di telefono fisso e mobile e qualsiasi altra informazione che consenta la tua identificazione univoca in conformit\u00e0 alle disposizioni del Regolamento generale sulla protezione dei dati (GDPR 2016\/679), alla legislazione greca applicabile e alle decisioni dell&#8217;Autorit\u00e0 ellenica per la protezione dei dati (Autorit\u00e0 ellenica per la protezione dei dati).   <\/p>\n<ol start=\"2\">\n<li><strong>  Quali dati personali raccogliamo su di te<\/strong><\/li>\n<\/ol>\n<p>Ad esempio, trattiamo e proteggiamo i tuoi dati personali nell&#8217;ambito di attivit\u00e0 lecite e in conformit\u00e0 con il quadro legislativo e normativo pertinente per gli istituti di formazione, la raccolta di dati da corsi di formazione, l&#8217;attuazione di seminari di e-learning, nell&#8217;ambito di azioni di marketing e nell&#8217;ambito di attivit\u00e0 generali di comunicazione\/assistenza\/informazione e qualsiasi altra attivit\u00e0 del nostro istituto. quadro normativo per gli enti di formazione, la raccolta di dati da corsi di formazione, l&#8217;implementazione di seminari di e-learning, nel contesto di azioni di marketing e nel contesto di comunicazioni generali \/ supporto \/ informazioni e qualsiasi altra attivit\u00e0 del nostro istituto.<\/p>\n<ol start=\"3\">\n<li><strong>  Trattamento con il tuo consenso esplicito<\/strong><\/li>\n<\/ol>\n<p>Il nostro Istituto utilizzer\u00e0 le tue informazioni per le seguenti finalit\u00e0 di trattamento legittime, nell&#8217;ambito del Contratto tra di noi o se ci hai dato il tuo consenso esplicito e specifico, per ogni servizio (che puoi ritirare liberamente in qualsiasi momento), ovvero:<\/p>\n<ul>\n<li>Per la gestione dei tuoi dati e delle tue informazioni nell \u201cambito dell\u201d implementazione di un programma di formazione con il metodo della formazione a distanza.<\/li>\n<li>Per supportarti \/ informarti sui nostri servizi \/ rispondere alle tue richieste e domande, nonch\u00e9 per informarti e rispondere ai tuoi suggerimenti e commenti sul miglioramento dei nostri servizi.<\/li>\n<li>Per motivi di garanzia di qualit\u00e0 \u201cinterna\u201d dei nostri servizi<\/li>\n<li>Per analizzare il traffico del sito web e migliorare la tua esperienza e per fornirti informazioni relative a servizi, programmi educativi, informazioni generali\/tecniche, ecc.<\/li>\n<li>Per operazioni e analisi interne come la gestione interna, la prevenzione delle frodi, l&#8217;utilizzo di sistemi informativi gestionali, la fatturazione, la contabilit\u00e0, la fatturazione e il controllo.<\/li>\n<\/ul>\n<ol start=\"4\">\n<li><strong>  Quali sono i principi di raccolta e trattamento<\/strong><\/li>\n<\/ol>\n<p>La presente Informativa sulla privacy ha lo scopo di informare l&#8217;utente sui termini di raccolta, elaborazione e trasferimento dei suoi dati personali che potremmo raccogliere in qualit\u00e0 di Titolari o Responsabili del trattamento.<\/p>\n<p>La nostra Istituzione e il suo personale addestrato applicano tutti i Principi di Trattamento del GDPR 2016\/679 (liceit\u00e0, obiettivit\u00e0, trasparenza, limitazione delle finalit\u00e0, minimizzazione dei dati, accuratezza, limitazione del tempo di conservazione, integrit\u00e0, riservatezza e responsabilit\u00e0).<\/p>\n<p>Allo stesso tempo, la nostra Istituzione protegge e garantisce i tuoi diritti in merito all&#8217;utilizzo dei tuoi Dati Personali (informazione, accesso, rettifica, cancellazione, limitazione del trattamento, portabilit\u00e0, opposizione e processo decisionale non automatizzato basato su profili), come specificato nel GDPR e nella legislazione greca. Quanto sopra si applica indistintamente a tutti i trattamenti effettuati e a tutti i servizi forniti dalla nostra Istituzione. <\/p>\n<p>Puoi esercitare i diritti di cui sopra inviando un&#8217;e-mail a <a href=\"mailto:info@kek10.gr\">info@kek10.gr.<\/a><\/p>\n<ol start=\"5\">\n<li><strong>  Quali sono i modi in cui raccogliamo i tuoi dati personali<\/strong><\/li>\n<\/ol>\n<p>Il nostro istituto raccoglie i tuoi dati personali con il tuo consenso e l \u201caccettazione delle condizioni d\u201d uso di ciascuno dei nostri servizi, come ad esempio:<\/p>\n<ul>\n<li>quando chiami i nostri numeri, quando ci mandi un&#8217;e-mail o compili una richiesta di informazioni o di partecipazione a un Programma educativo.<\/li>\n<li>nel contesto dell&#8217;implementazione dei corsi di formazione<\/li>\n<li>quando ci invii l&#8217;indirizzo postale di una fattura o di una ricevuta di servizio e i dettagli della consegna di un documento (ad esempio un Certificato di formazione).<\/li>\n<li>quando ti iscrivi volontariamente agli elenchi cartacei o elettronici per ricevere newsletter cartacee, elettroniche o via SMS o altro materiale di marketing o rinnovi le tue preferenze<\/li>\n<li>quando visiti i nostri siti web attraverso i quali raccogliamo, tramite cookie, le informazioni necessarie dal tuo terminale e dal tuo browser.<\/li>\n<\/ul>\n<ol start=\"6\">\n<li><strong>  Ridurre, archiviare e cancellare i tuoi dati<\/strong><\/li>\n<\/ol>\n<p>La nostra Istituzione ti chieder\u00e0 sempre i dati personali minimi richiesti dalla legge per l&#8217;implementazione dei nostri Servizi e per offrirti il miglior servizio possibile.<\/p>\n<p>La nostra Istituzione conserva i tuoi dati personali solo per il tempo richiesto dai termini contrattuali di ciascun servizio, in conformit\u00e0 con la normativa vigente per gli Istituti di Istruzione e con la legislazione e il quadro normativo generale in materia di telecomunicazioni, fiscale e di altro tipo, in base alle finalit\u00e0 del trattamento, per poi anonimizzarli o distruggerli. Puoi chiederci e scoprire quali dati raccogliamo su di te e correggerli o cancellarli, a meno che la loro conservazione non sia richiesta dalla legge per scopi fiscali, probatori o giudiziari e per il perseguimento di atti illegali. <\/p>\n<ol start=\"7\">\n<li><strong>  Informativa sui cookie<\/strong><\/li>\n<\/ol>\n<p>In conformit\u00e0 con la direttiva europea e-Privacy 2009\/136\/CE (che sar\u00e0 presto sostituita da un regolamento), il nostro sito web ( <a href=\"https:\/\/kek10.gr\/it\/\">https:\/\/kek10.gr<\/a> ) utilizza i \u201ccookie\u201d. I cookie sono \u201cstrumenti\u201d online per la raccolta e l \u201canalisi di informazioni provenienti da siti web di partner terzi o da piattaforme di social network al fine di misurare il traffico, migliorare il funzionamento, il contenuto e l\u201d aspetto generale del nostro sito web e adattarlo alle esigenze dei nostri Clienti. <\/p>\n<p>Utilizzando il nostro sito web, l \u201cutente accetta (opt-in) il trattamento dei suoi dati personali raccolti da motori di ricerca o social network, come Google Analytics, Facebook social plug-in, Google+, ecc. (sui quali non vi \u00e8 alcun coinvolgimento, influenza o controllo da parte della nostra Organizzazione) e che vengono trasmessi all\u201d interno o all \u201cesterno dello Spazio Economico Europeo (28 Stati membri dell\u201d UE pi\u00f9 Islanda, Liechtenstein e Norvegia), per i quali tali terze parti sono le uniche responsabili.<\/p>\n<p>Se non desideri che terze parti, come Google, Facebook, Twitter, ecc. ricevano informazioni dal tuo browser quando visiti i siti web della Societ\u00e0, puoi scegliere di non farlo selezionando la rispettiva opzione come previsto dalle rispettive Norme d&#8217;uso disponibili sul sito web di ciascuna di queste terze parti. <\/p>\n<p>Sebbene la maggior parte dei browser accetti automaticamente l&#8217;uso dei cookie, puoi sempre modificare le impostazioni del tuo computer scegliendo di non accettare i cookie o chiedendoti di accettare ogni singolo cookie. Tuttavia, devi essere consapevole che cos\u00ec facendo limiterai le opzioni di navigazione disponibili su qualsiasi sito web online. <\/p>\n<ol start=\"8\">\n<li><strong>  Trasferimento dei tuoi dati a terzi<\/strong><\/li>\n<\/ol>\n<p>Di norma, il nostro Istituto non trasmette i tuoi dati personali a terzi, tranne nei casi in cui ci\u00f2 sia chiaramente richiesto dalla legislazione o dal quadro normativo o quando agiamo come \u201cintermediari\u201d e nella misura in cui ci\u00f2 sia necessario per completare un servizio e per soddisfare le richieste relative ai servizi da noi forniti.<\/p>\n<p>Tali terze parti possono essere, ad esempio, organismi ufficiali di certificazione\/organismi normativi\/governativi (ad esempio TOEFL, ASPD, ecc.), quando siamo tenuti a rispettare la legislazione\/regolamenti per gli organismi di formazione e\/o a prevenire azioni illegali contro di noi e i nostri tirocinanti (ad esempio frode, insulto, diffamazione della personalit\u00e0, ecc.) <\/p>\n<p>Collaboriamo con partner accademici e di altro tipo (istruttori\/formatori) di buona reputazione e imponiamo restrizioni contrattuali a terzi che possono ricevere i tuoi dati personali, per garantire che li utilizzino il pi\u00f9 possibile in conformit\u00e0 con la presente Informativa e con le leggi europee e internazionali applicabili in materia di protezione dei dati.<\/p>\n<p>Al fine di elaborare i tuoi dati, potremmo dover trasferire le tue informazioni in altri paesi, inclusi paesi per lo pi\u00f9 all \u201cinterno e per lo pi\u00f9 al di fuori dello Spazio Economico Europeo (SEE), sulla base di decisioni di adeguatezza dell\u201d UE, regole vincolanti per le aziende, contratti standard e codici di condotta approvati.<\/p>\n<ol start=\"9\">\n<li><strong>  Sicurezza dei tuoi dati personali<\/strong><\/li>\n<\/ol>\n<p>In ogni caso, adottiamo misure tecniche e organizzative adeguate per garantire che i tuoi dati personali siano trasferiti, conservati ed elaborati in conformit\u00e0 con gli standard e le procedure di sicurezza appropriati e in conformit\u00e0 con i termini della presente Informativa e con le leggi applicabili in materia di protezione dei dati.<\/p>\n<p>Nel nostro istituto abbiamo personale preparato e responsabile e riconosciamo l \u201cimportanza di proteggere la tua privacy e tutte le tue informazioni personali. A tal fine, disponiamo di politiche di sicurezza adeguate e utilizziamo strumenti tecnici e operativi appropriati, come la crittografia dei dati, l\u201d uso di firewall, la definizione di livelli di accesso, i dipendenti autorizzati, la formazione del personale, gli audit periodici), la conformit\u00e0 agli standard internazionali di sicurezza e continuit\u00e0 operativa. <\/p>\n<p>I partner che hanno accesso alle informazioni di cui sopra le utilizzano esclusivamente per gli scopi sopra indicati. Condividiamo le informazioni che ci fornisci esclusivamente nei modi descritti nella presente Informativa e in conformit\u00e0 al tuo consenso esplicito e specifico per ogni tipo di trattamento, che puoi liberamente ritirare in qualsiasi momento contattandoci. <\/p>\n<ol start=\"10\">\n<li><strong>  Mostra annunci mirati<\/strong><\/li>\n<\/ol>\n<p>Potremmo utilizzare i tuoi dati personali insieme ad altre informazioni che abbiamo raccolto (dati di contatto di base come nome \/ azienda \/ telefono \/ indirizzo \/ email), dopo l&#8217;intervento umano del nostro Ufficio Commerciale o di altri Dirigenti, al fine di effettuare, per tua migliore informazione, promozioni di marketing pertinenti (email, newsletter informative ecc.).<\/p>\n<p>Tuttavia, non utilizziamo strumenti automatizzati per tracciare e valutare il tuo profilo di consumatore e le tue preferenze generali con altre informazioni personali (come il tuo indirizzo e-mail) per servirti pubblicit\u00e0 o inviarti offerte personalizzate. Inoltre, non condividiamo i tuoi dati personali con terze parti affinch\u00e9 queste possano inviarti pubblicit\u00e0 pertinenti, a meno che tu non abbia espressamente acconsentito. <\/p>\n<p>Se desideri che non ti vengano pi\u00f9 inviati aggiornamenti o offerte, puoi utilizzare il link di annullamento dell&#8217;iscrizione presente in fondo alle e-mail che ricevi da noi.<\/p>\n<ol start=\"11\">\n<li><strong>  Link a siti web di terze parti<\/strong><\/li>\n<\/ol>\n<p>I siti web della nostra Istituzione possono contenere link che conducono ad altri siti web di terze parti, entit\u00e0 indipendenti, quali, a titolo esemplificativo ma non esaustivo, societ\u00e0 che forniscono servizi di consulenza o simili, che sono gestiti e mantenuti esclusivamente da queste ultime e che noi non controlliamo, come gi\u00e0 detto. Di conseguenza, non abbiamo alcuna responsabilit\u00e0 per il contenuto, le azioni o le politiche di questi siti web. Ti invitiamo a leggere attentamente le rispettive politiche sulla privacy dei diversi siti web che visiti, in quanto potrebbero differire in modo significativo dalle nostre.  <\/p>\n<ol start=\"12\">\n<li><strong>  Comunicazioni commerciali non richieste<\/strong><\/li>\n<\/ol>\n<p>La nostra Istituzione non consente l&#8217;utilizzo del nostro sito web o dei nostri servizi per la trasmissione di e-mail commerciali di massa o non richieste (spam). Inoltre, non consentiamo l&#8217;invio di messaggi da e verso i nostri Tirocinanti che utilizzino o contengano intestazioni non valide o falsificate, nomi di dominio non validi o inesistenti, tecniche per nascondere l&#8217;origine di ciascun messaggio, informazioni false o fuorvianti o che violino i termini di utilizzo dei siti web. <\/p>\n<p>Non permettiamo n\u00e9 autorizziamo alcun tentativo di utilizzare i nostri servizi in modo tale da danneggiare, disabilitare, compromettere, pregiudicare qualsiasi parte dei nostri servizi o interferire con chiunque desideri utilizzare i nostri servizi.<\/p>\n<p>Se riteniamo che vi sia un uso non autorizzato o inappropriato di uno dei nostri servizi, possiamo, senza preavviso e a nostra esclusiva discrezione, adottare misure appropriate per bloccare i messaggi provenienti da un particolare sito internet (dominio), server di posta elettronica o indirizzo IP. Possiamo cancellare immediatamente qualsiasi account che utilizzi i nostri servizi e che, a nostra esclusiva discrezione, trasmetta o sia associato alla trasmissione di messaggi che violino questa politica. <\/p>\n<ol start=\"13\">\n<li><strong>  Contatti per domande o commenti<\/strong><\/li>\n<\/ol>\n<p>Naturalmente, hai il diritto di revocare il tuo consenso in qualsiasi momento e gratuitamente. Inoltre, hai il diritto di accedere, rettificare o cancellare i tuoi dati, limitarne il trattamento e la portabilit\u00e0 di quelli in possesso di mezzi elettronici, nonch\u00e9 il diritto di presentare un reclamo all&#8217;Autorit\u00e0 Garante per la Protezione dei Dati Personali<a href=\"http:\/\/www.dpa.gr\/\">(www.dpa.gr)<\/a> se ritieni che i tuoi dati siano stati trattati illegalmente. <\/p>\n<p>Per qualsiasi problema relativo al trattamento dei tuoi dati siamo a tua disposizione e puoi contattare il Responsabile della Protezione dei Dati di K.D.B.M. \u2013 KEK10 Pallini all&#8217;indirizzo <a href=\"mailto:info@kek.gr\">info@kek10.gr<\/a>. <\/p>\n<p><\/p>\t\t\t\t\t\t\t\t<\/div>\n\t\t\t\t<\/div>\n\t\t\t\t\t<\/div>\n\t\t<\/div>\n\t\t\t\t\t<\/div>\n\t\t<\/section>\n\t\t\t\t<\/div>\n\t\t","protected":false},"excerpt":{"rendered":"<p>KEK10 K.D.B.M. \u2013 Centro di Formazione e Counselling, numero di licenza: 2100427, si \u00e8 conformato alle disposizioni del Regolamento Generale 679\/2016 (UE) 2016\/679 del PARLAMENTO EUROPEO E DEL CONSIGLIO del [&hellip;]<\/p>\n","protected":false},"author":1,"featured_media":0,"parent":0,"menu_order":0,"comment_status":"closed","ping_status":"closed","template":"","meta":{"_eb_attr":"","site-sidebar-layout":"default","site-content-layout":"","ast-site-content-layout":"default","site-content-style":"default","site-sidebar-style":"default","ast-global-header-display":"","ast-banner-title-visibility":"","ast-main-header-display":"","ast-hfb-above-header-display":"","ast-hfb-below-header-display":"","ast-hfb-mobile-header-display":"","site-post-title":"","ast-breadcrumbs-content":"","ast-featured-img":"","footer-sml-layout":"","ast-disable-related-posts":"","theme-transparent-header-meta":"","adv-header-id-meta":"","stick-header-meta":"","header-above-stick-meta":"","header-main-stick-meta":"","header-below-stick-meta":"","astra-migrate-meta-layouts":"default","ast-page-background-enabled":"default","ast-page-background-meta":{"desktop":{"background-color":"","background-image":"","background-repeat":"repeat","background-position":"center center","background-size":"auto","background-attachment":"scroll","background-type":"","background-media":"","overlay-type":"","overlay-color":"","overlay-opacity":"","overlay-gradient":""},"tablet":{"background-color":"","background-image":"","background-repeat":"repeat","background-position":"center center","background-size":"auto","background-attachment":"scroll","background-type":"","background-media":"","overlay-type":"","overlay-color":"","overlay-opacity":"","overlay-gradient":""},"mobile":{"background-color":"","background-image":"","background-repeat":"repeat","background-position":"center center","background-size":"auto","background-attachment":"scroll","background-type":"","background-media":"","overlay-type":"","overlay-color":"","overlay-opacity":"","overlay-gradient":""}},"ast-content-background-meta":{"desktop":{"background-color":"var(--ast-global-color-5)","background-image":"","background-repeat":"repeat","background-position":"center center","background-size":"auto","background-attachment":"scroll","background-type":"","background-media":"","overlay-type":"","overlay-color":"","overlay-opacity":"","overlay-gradient":""},"tablet":{"background-color":"var(--ast-global-color-5)","background-image":"","background-repeat":"repeat","background-position":"center center","background-size":"auto","background-attachment":"scroll","background-type":"","background-media":"","overlay-type":"","overlay-color":"","overlay-opacity":"","overlay-gradient":""},"mobile":{"background-color":"var(--ast-global-color-5)","background-image":"","background-repeat":"repeat","background-position":"center center","background-size":"auto","background-attachment":"scroll","background-type":"","background-media":"","overlay-type":"","overlay-color":"","overlay-opacity":"","overlay-gradient":""}},"footnotes":""},"class_list":["post-5419","page","type-page","status-publish","hentry"],"aioseo_notices":[],"_links":{"self":[{"href":"https:\/\/kek10.gr\/it\/wp-json\/wp\/v2\/pages\/5419","targetHints":{"allow":["GET"]}}],"collection":[{"href":"https:\/\/kek10.gr\/it\/wp-json\/wp\/v2\/pages"}],"about":[{"href":"https:\/\/kek10.gr\/it\/wp-json\/wp\/v2\/types\/page"}],"author":[{"embeddable":true,"href":"https:\/\/kek10.gr\/it\/wp-json\/wp\/v2\/users\/1"}],"replies":[{"embeddable":true,"href":"https:\/\/kek10.gr\/it\/wp-json\/wp\/v2\/comments?post=5419"}],"version-history":[{"count":0,"href":"https:\/\/kek10.gr\/it\/wp-json\/wp\/v2\/pages\/5419\/revisions"}],"wp:attachment":[{"href":"https:\/\/kek10.gr\/it\/wp-json\/wp\/v2\/media?parent=5419"}],"curies":[{"name":"wp","href":"https:\/\/api.w.org\/{rel}","templated":true}]}}