{"id":5302,"date":"2023-09-08T16:54:35","date_gmt":"2023-09-08T13:54:35","guid":{"rendered":"https:\/\/kek10.gr\/seminari-specializzati\/"},"modified":"2025-06-02T18:15:52","modified_gmt":"2025-06-02T15:15:52","slug":"seminari-specializzati","status":"publish","type":"page","link":"https:\/\/kek10.gr\/it\/seminari\/seminari-specializzati\/","title":{"rendered":"Seminari specializzati"},"content":{"rendered":"\t\t<div data-elementor-type=\"wp-page\" data-elementor-id=\"5302\" class=\"elementor elementor-5302 elementor-577\">\n\t\t\t\t\t\t<section class=\"elementor-section elementor-top-section elementor-element elementor-element-fc2485c elementor-section-boxed elementor-section-height-default elementor-section-height-default\" data-id=\"fc2485c\" data-element_type=\"section\" data-e-type=\"section\" data-settings=\"{&quot;background_background&quot;:&quot;classic&quot;}\">\n\t\t\t\t\t\t\t<div class=\"elementor-background-overlay\"><\/div>\n\t\t\t\t\t\t\t<div class=\"elementor-container elementor-column-gap-default\">\n\t\t\t\t\t<div class=\"elementor-column elementor-col-100 elementor-top-column elementor-element elementor-element-e5dc01e\" data-id=\"e5dc01e\" data-element_type=\"column\" data-e-type=\"column\">\n\t\t\t<div class=\"elementor-widget-wrap elementor-element-populated\">\n\t\t\t\t\t\t<div class=\"elementor-element elementor-element-c68d12e elementor-widget-divider--view-line elementor-widget elementor-widget-divider\" data-id=\"c68d12e\" data-element_type=\"widget\" data-e-type=\"widget\" data-widget_type=\"divider.default\">\n\t\t\t\t<div class=\"elementor-widget-container\">\n\t\t\t\t\t\t\t<div class=\"elementor-divider\">\n\t\t\t<span class=\"elementor-divider-separator\">\n\t\t\t\t\t\t<\/span>\n\t\t<\/div>\n\t\t\t\t\t\t<\/div>\n\t\t\t\t<\/div>\n\t\t\t\t<div class=\"elementor-element elementor-element-d652bc8 elementor-widget elementor-widget-heading\" data-id=\"d652bc8\" data-element_type=\"widget\" data-e-type=\"widget\" data-widget_type=\"heading.default\">\n\t\t\t\t<div class=\"elementor-widget-container\">\n\t\t\t\t\t<h1 class=\"elementor-heading-title elementor-size-default\">Seminari specializzati<\/h1>\t\t\t\t<\/div>\n\t\t\t\t<\/div>\n\t\t\t\t\t<\/div>\n\t\t<\/div>\n\t\t\t\t\t<\/div>\n\t\t<\/section>\n\t\t\t\t<section class=\"elementor-section elementor-top-section elementor-element elementor-element-9e4c645 elementor-section-boxed elementor-section-height-default elementor-section-height-default\" data-id=\"9e4c645\" data-element_type=\"section\" data-e-type=\"section\">\n\t\t\t\t\t\t<div class=\"elementor-container elementor-column-gap-default\">\n\t\t\t\t\t<div class=\"elementor-column elementor-col-50 elementor-top-column elementor-element elementor-element-1aa4ca4\" data-id=\"1aa4ca4\" data-element_type=\"column\" data-e-type=\"column\">\n\t\t\t<div class=\"elementor-widget-wrap elementor-element-populated\">\n\t\t\t\t\t\t<div class=\"elementor-element elementor-element-3c9d619 elementor-widget elementor-widget-text-editor\" data-id=\"3c9d619\" data-element_type=\"widget\" data-e-type=\"widget\" data-widget_type=\"text-editor.default\">\n\t\t\t\t<div class=\"elementor-widget-container\">\n\t\t\t\t\t\t\t\t\t<p><strong>ESCLUSIVO<\/strong><\/p>\t\t\t\t\t\t\t\t<\/div>\n\t\t\t\t<\/div>\n\t\t\t\t<div class=\"elementor-element elementor-element-d34c5f9 uael-faq-box-layout-yes align-at-left elementor-widget elementor-widget-uael-faq\" data-id=\"d34c5f9\" data-element_type=\"widget\" data-e-type=\"widget\" data-widget_type=\"uael-faq.default\">\n\t\t\t\t<div class=\"elementor-widget-container\">\n\t\t\t\t\t\n\t\t\t<div id='uael-faq-wrapper-221' class=\"uael-faq-wrapper\">\n\t\t\t\t<div class=\"uael-faq-container uael-faq-layout-accordion\" data-layout=\"accordion\" >\n\t\t\t\t\t\t\t\t\t\t\t\t<div id=\"uael-accordion-e1d4a29\" class=\"uael-faq-accordion\" role=\"tablist\">\n\t\t\t\t\t\t\t\t<div class= \"uael-accordion-title\" aria-expanded=\"false\" role=\"tab\">\n\t\t\t\t\t\t\t\t\t<span class=\"uael-accordion-icon uael-accordion-icon-left\">\n\t\t\t\t\t\t\t\t\t\t<span class=\"uael-accordion-icon-closed\"><i class=\"fas fa-angle-right\"><\/i><\/span>\n\t\t\t\t\t\t\t\t\t\t<span class=\"uael-accordion-icon-opened\"><i class=\"fas fa-angle-up\"><\/i><\/span>\n\t\t\t\t\t\t\t\t\t<\/span>\n\t\t\t\t\t\t\t\t\t<span class=\"uael-question-e1d4a29 uael-question-span\" tabindex=\"0\" id=\"uael-faq-1-69ea15b478bb4\">Formazione geotecnica per giovani agricoltori<\/span>\n\t\t\t\t\t\t\t\t<\/div>\n\t\t\t\t\t\t\t\t<div class=\"uael-accordion-content\" role=\"tabpanel\">\n\t\t\t\t\t\t\t\t\t<span>\n\t\t\t\t\t\t\t\t\t<span><p><strong>KEK10 K.D.B.M., <\/strong>certificato dall'Organizzazione Nazionale per le Qualifiche e l'Orientamento Professionale (EOPPEP) e dal Ministero dell'Educazione, della Religione e dello Sport (codice di certificazione: 2100427), realizza il seminario <strong>\"Educazione Geotecnica\" <\/strong>per giovani agricoltori.<\/p><p> <\/p><p>L'obiettivo \u00e8 quello di fornire una formazione teorica a coloro che desiderano candidarsi al Programma Giovani Agricoltori e che sono in possesso di un diploma di scuola superiore.<\/p><p> <\/p><p><strong>A chi \u00e8 rivolto<\/strong><\/p><p>L'annuncio del Bando per la presentazione di domande di sostegno per l'inserimento nell'intervento P3-75.1 <strong>\"Insediamento di giovani agricoltori\"<\/strong> del <strong>Piano Strategico della Politica Agricola Comune (<\/strong><a href=\"https:\/\/www.minagric.gr\/2013-04-05-10-13-09\/ministry-example\/diavoylefsi-i-kap-meta-to-2020-list\/12311-kap2023-2027-130122\"><strong>PAC SA<\/strong><\/a><strong>) della Grecia 2023 - 2027<\/strong>.<\/p><p>\u00c8 previsto un sostegno finanziario forfettario per i giovani che non hanno ancora compiuto <strong>41<\/strong> anni per l'ingresso e la permanenza nel mondo del lavoro agricolo e per il primo insediamento come capo azienda.<\/p><p>Una delle condizioni per fare domanda \u00e8 che il richiedente abbia almeno il livello 4 di conoscenza, cio\u00e8 sia diplomato in una scuola professionale o in una scuola superiore, oppure abbia un livello 2 di conoscenza, cio\u00e8 un diploma di scuola superiore e allo stesso tempo una formazione geotecnica di almeno 150 ore, che non sia parte di un certificato o di un diploma (istruzione non formale - certificato dell'autorit\u00e0 competente).<\/p><p>Al fine di rimuovere gli ostacoli creati dal requisito del possesso del diploma di scuola superiore per i potenziali Giovani Agricoltori, la <strong>KEK10-K.D.B.M. <\/strong> certificata (codice di certificazione 2100427), ha progettato un programma di formazione intitolato <strong>\"EDUCAZIONE AGRICOLA\",<\/strong> della durata di <strong>150 ore.<\/strong> La formazione soddisfa i requisiti e viene fornito il relativo certificato in modo da poter presentare la domanda di inserimento nel programma insieme al diploma di scuola superiore. I corsi inizieranno a partire dall'<strong>1\/3\/2024<\/strong> in tutta la <strong>GRECIA<\/strong>, in modo che gli interessati possano ricevere al pi\u00f9 presto il relativo certificato e inserirlo nel proprio fascicolo.<\/p><p> <\/p><p><strong>Obiettivo<\/strong><\/p><p>Il programma, della durata complessiva di 150 ore, ha l'obiettivo di fornire una formazione teorica a chi vuole entrare a far parte del programma \"Giovani agricoltori\" e ha solo un diploma di scuola superiore.<\/p><p> <\/p><p><strong>Durata<\/strong><\/p><p>Il seminario ha una durata di <strong>150 ore<\/strong> e per conoscere il costo <strong>CONTATTACI IMMEDIATAMENTE!<\/strong><\/p><p><strong>La formazione viene erogata a distanza, con formatori adulti qualificati, attraverso una moderna teleformazione.<\/strong><\/p><p><strong>Moduli didattici<\/strong><\/p><p>Il programma consiste nei seguenti moduli didattici:<\/p><ul><li>Politica agricola comune e Politica nazionale di sviluppo rurale<\/li><li>Utilizzo di nuove tecnologie<\/li><li>Buone pratiche agricole<\/li><li>Sicurezza del lavoro in campagna<\/li><li>Cambiamento climatico e adattamento alle nuove realt\u00e0<\/li><li>Gestione dei rifiuti agricoli e zootecnici<\/li><li>Manipolazione post-raccolta dei prodotti agricoli e zootecnici.<\/li><li>Trasformazione di prodotti agricoli<\/li><li>Commercializzazione dei prodotti agricoli<\/li><li>Tecniche colturali per la preparazione, la coltivazione e la modellazione del terreno<\/li><li>Strumenti e macchinari agricoli<\/li><li>Semi oleosi\/agrumi<\/li><li>Costruzioni di serre - idroponica - aeroponica<\/li><li>Conoscenza specialistica della direzione e delle esigenze dell'azienda agricola.<\/li><\/ul><p><strong>Certificato di partecipazione<\/strong><\/p><p>Al completamento del programma e a condizione che non vi siano obblighi finanziari, il tirocinante riceve immediatamente un certificato di completamento del programma in formato cartaceo.<\/p><\/span>\t\t\t\t\t\t\t\t\t<\/span>\n\t\t\t\t\t\t\t\t<\/div>\n\t\t\t\t\t\t\t<\/div>\n\t\t\t\t\t\t\t\t\t\t\t\t\t\t<div id=\"uael-accordion-0526f1a\" class=\"uael-faq-accordion\" role=\"tablist\">\n\t\t\t\t\t\t\t\t<div class= \"uael-accordion-title\" aria-expanded=\"false\" role=\"tab\">\n\t\t\t\t\t\t\t\t\t<span class=\"uael-accordion-icon uael-accordion-icon-left\">\n\t\t\t\t\t\t\t\t\t\t<span class=\"uael-accordion-icon-closed\"><i class=\"fas fa-angle-right\"><\/i><\/span>\n\t\t\t\t\t\t\t\t\t\t<span class=\"uael-accordion-icon-opened\"><i class=\"fas fa-angle-up\"><\/i><\/span>\n\t\t\t\t\t\t\t\t\t<\/span>\n\t\t\t\t\t\t\t\t\t<span class=\"uael-question-0526f1a uael-question-span\" tabindex=\"0\" id=\"uael-faq-2-69ea15b478bd7\">Formazione degli ispettori energetici<\/span>\n\t\t\t\t\t\t\t\t<\/div>\n\t\t\t\t\t\t\t\t<div class=\"uael-accordion-content\" role=\"tabpanel\">\n\t\t\t\t\t\t\t\t\t<span>\n\t\t\t\t\t\t\t\t\t<span><p><strong>KEK10 K.D.B.M., <\/strong>certificato dall'Organizzazione Nazionale per le Qualifiche e l'Orientamento Professionale (EOPPEP) e dal Ministero dell'Educazione, della Religione e dello Sport (codice di certificazione: 2100427), realizza il seminario <strong>\"Formazione di Ispettori Energetici <\/strong>\".  <\/p><\/span>\t\t\t\t\t\t\t\t\t<\/span>\n\t\t\t\t\t\t\t\t<\/div>\n\t\t\t\t\t\t\t<\/div>\n\t\t\t\t\t\t\t\t\t\t\t\t\t\t<div id=\"uael-accordion-af0652f\" class=\"uael-faq-accordion\" role=\"tablist\">\n\t\t\t\t\t\t\t\t<div class= \"uael-accordion-title\" aria-expanded=\"false\" role=\"tab\">\n\t\t\t\t\t\t\t\t\t<span class=\"uael-accordion-icon uael-accordion-icon-left\">\n\t\t\t\t\t\t\t\t\t\t<span class=\"uael-accordion-icon-closed\"><i class=\"fas fa-angle-right\"><\/i><\/span>\n\t\t\t\t\t\t\t\t\t\t<span class=\"uael-accordion-icon-opened\"><i class=\"fas fa-angle-up\"><\/i><\/span>\n\t\t\t\t\t\t\t\t\t<\/span>\n\t\t\t\t\t\t\t\t\t<span class=\"uael-question-af0652f uael-question-span\" tabindex=\"0\" id=\"uael-faq-3-69ea15b478be9\">Uso razionale dei pesticidi<\/span>\n\t\t\t\t\t\t\t\t<\/div>\n\t\t\t\t\t\t\t\t<div class=\"uael-accordion-content\" role=\"tabpanel\">\n\t\t\t\t\t\t\t\t\t<span>\n\t\t\t\t\t\t\t\t\t<span><p><strong>Il KEK10 K.D.B.M., <\/strong>certificato dall'Organizzazione Nazionale per le Qualifiche e l'Orientamento Professionale (EOPPEP) e dal Ministero dell'Educazione, della Religione e dello Sport (codice di certificazione: 2100427), attua il seminario <strong>\"Uso razionale dei farmaci agricoli\".<\/strong><\/p><\/span>\t\t\t\t\t\t\t\t\t<\/span>\n\t\t\t\t\t\t\t\t<\/div>\n\t\t\t\t\t\t\t<\/div>\n\t\t\t\t\t\t\t\t\t\t\t<\/div>\n\t\t\t<\/div>\n\t\t\t\t\t\t\t<\/div>\n\t\t\t\t<\/div>\n\t\t\t\t\t<\/div>\n\t\t<\/div>\n\t\t\t\t<div class=\"elementor-column elementor-col-50 elementor-top-column elementor-element elementor-element-240ada7\" data-id=\"240ada7\" data-element_type=\"column\" data-e-type=\"column\">\n\t\t\t<div class=\"elementor-widget-wrap elementor-element-populated\">\n\t\t\t\t\t\t<div class=\"elementor-element elementor-element-beb4f6f eael-wpforms-labels-yes eael-wpforms-form-button-custom elementor-widget elementor-widget-eael-wpforms\" data-id=\"beb4f6f\" data-element_type=\"widget\" data-e-type=\"widget\" data-widget_type=\"eael-wpforms.default\">\n\t\t\t\t<div class=\"elementor-widget-container\">\n\t\t\t\t\t            <div class=\"eael-contact-form eael-wpforms title-description-hide eael-wpforms-align-default\">\n                                    <div class=\"eael-wpforms-heading\">\n                                                    <h3 class=\"eael-contact-form-title eael-wpforms-title\">\n                                Manifestazione di interesse:                            <\/h3>\n                                                                    <\/div>\n                                <div class=\"wpforms-container \" id=\"wpforms-11\"><form id=\"wpforms-form-11\" class=\"wpforms-validate wpforms-form\" data-formid=\"11\" method=\"post\" enctype=\"multipart\/form-data\" action=\"\/it\/wp-json\/wp\/v2\/pages\/5302\" data-token=\"b3aaf2c9c31d04ffc7a6d6dee5f97a6c\" data-token-time=\"1776954397\"><noscript class=\"wpforms-error-noscript\">Per favore, attiva JavaScript nel tuo browser per completare questo modulo.<\/noscript><div class=\"wpforms-field-container\"><div id=\"wpforms-11-field_0-container\" class=\"wpforms-field wpforms-field-name\" data-field-id=\"0\"><label class=\"wpforms-field-label wpforms-label-hide\" for=\"wpforms-11-field_0\">Nome <span class=\"wpforms-required-label\">*<\/span><\/label><input type=\"text\" id=\"wpforms-11-field_0\" class=\"wpforms-field-large wpforms-field-required\" name=\"wpforms[fields][0]\" placeholder=\"Nome*\" required><\/div><div id=\"wpforms-11-field_17-container\" class=\"wpforms-field wpforms-field-name\" data-field-id=\"17\"><label class=\"wpforms-field-label wpforms-label-hide\" for=\"wpforms-11-field_17\">Cognome <span class=\"wpforms-required-label\">*<\/span><\/label><input type=\"text\" id=\"wpforms-11-field_17\" class=\"wpforms-field-large wpforms-field-required\" name=\"wpforms[fields][17]\" placeholder=\"Cognome*\" required><\/div><div id=\"wpforms-11-field_3-container\" class=\"wpforms-field wpforms-field-text\" data-field-id=\"3\"><label class=\"wpforms-field-label wpforms-label-hide\" for=\"wpforms-11-field_3\">Telefono di contatto <span class=\"wpforms-required-label\">*<\/span><\/label><input type=\"text\" id=\"wpforms-11-field_3\" class=\"wpforms-field-large wpforms-field-required\" name=\"wpforms[fields][3]\" placeholder=\"Telefono di contatto*\" required><\/div><div id=\"wpforms-11-field_16-container\" class=\"wpforms-field wpforms-field-text\" data-field-id=\"16\"><label class=\"wpforms-field-label wpforms-label-hide\" for=\"wpforms-11-field_16\">Area<\/label><input type=\"text\" id=\"wpforms-11-field_16\" class=\"wpforms-field-large\" name=\"wpforms[fields][16]\" placeholder=\"Area\" ><\/div><div id=\"wpforms-11-field_1-container\" class=\"wpforms-field wpforms-field-email\" data-field-id=\"1\"><label class=\"wpforms-field-label wpforms-label-hide\" for=\"wpforms-11-field_1\">E-mail <span class=\"wpforms-required-label\">*<\/span><\/label><input type=\"email\" id=\"wpforms-11-field_1\" class=\"wpforms-field-large wpforms-field-required\" name=\"wpforms[fields][1]\" placeholder=\"E-mail*\" spellcheck=\"false\" required><\/div><div id=\"wpforms-11-field_2-container\" class=\"wpforms-field wpforms-field-textarea\" data-field-id=\"2\"><label class=\"wpforms-field-label wpforms-label-hide\" for=\"wpforms-11-field_2\">Come possiamo aiutarti?<\/label><textarea id=\"wpforms-11-field_2\" class=\"wpforms-field-large wpforms-limit-characters-enabled\" data-form-id=\"11\" data-field-id=\"2\" data-text-limit=\"300\" name=\"wpforms[fields][2]\" placeholder=\"Scrivi il tuo messaggio\" maxlength=\"300\" ><\/textarea><\/div><div id=\"wpforms-11-field_7-container\" class=\"wpforms-field wpforms-field-mailchimp\" data-field-id=\"7\"><ul id=\"\" class=\"\"><li class=\"choice-0 depth-1\"><input type=\"checkbox\" id=\"wpforms-11-field_7_0\" name=\"wpforms[fields][7]\" value=\"1\"  ><label class=\"wpforms-field-label-inline\" for=\"wpforms-11-field_7_0\">Desidero ricevere e-mail\/messaggi\/telefonate da KEK10 per essere informato sui programmi di formazione e altri servizi.<\/label><\/li><\/ul><\/div><div id=\"wpforms-11-field_6-container\" class=\"wpforms-field wpforms-field-checkbox\" data-field-id=\"6\"><label class=\"wpforms-field-label wpforms-label-hide\">Dati personali <span class=\"wpforms-required-label\">*<\/span><\/label><ul id=\"wpforms-11-field_6\" class=\"wpforms-field-required\"><li class=\"choice-1 depth-1 wpforms-selected\"><input type=\"checkbox\" id=\"wpforms-11-field_6_1\" name=\"wpforms[fields][6][]\" value=\"Inviando il modulo di cui sopra, accetto di fornire il mio consenso al trattamento dei miei dati personali come specificamente definito nel Regolamento generale sulla protezione dei dati GDPR.\" required  checked='checked'><label class=\"wpforms-field-label-inline\" for=\"wpforms-11-field_6_1\">Inviando il modulo di cui sopra, accetto di fornire il mio consenso al trattamento dei miei dati personali come specificamente definito nel Regolamento generale sulla protezione dei dati GDPR.<\/label><\/li><\/ul><\/div><\/div><!-- .wpforms-field-container --><div class=\"wpforms-field wpforms-field-hp\"><label for=\"wpforms-11-field-hp\" class=\"wpforms-field-label\">Comment<\/label><input type=\"text\" name=\"wpforms[hp]\" id=\"wpforms-11-field-hp\" class=\"wpforms-field-medium\"><\/div><div class=\"wpforms-recaptcha-container wpforms-is-recaptcha wpforms-is-recaptcha-type-v3\" ><input type=\"hidden\" name=\"wpforms[recaptcha]\" value=\"\"><\/div><div class=\"wpforms-submit-container\" ><input type=\"hidden\" name=\"wpforms[id]\" value=\"11\"><input type=\"hidden\" name=\"page_title\" value=\"\"><input type=\"hidden\" name=\"page_url\" value=\"https:\/\/kek10.gr\/it\/wp-json\/wp\/v2\/pages\/5302\"><input type=\"hidden\" name=\"url_referer\" value=\"\"><button type=\"submit\" name=\"wpforms[submit]\" id=\"wpforms-submit-11\" class=\"wpforms-submit\" data-alt-text=\"Attendere prego...\" data-submit-text=\"Invia un messaggio\" aria-live=\"assertive\" value=\"wpforms-submit\">Invia un messaggio<\/button><\/div><\/form><\/div>  <!-- .wpforms-container -->            <\/div>\n\t\t\t\t<\/div>\n\t\t\t\t<\/div>\n\t\t\t\t\t<\/div>\n\t\t<\/div>\n\t\t\t\t\t<\/div>\n\t\t<\/section>\n\t\t\t\t<\/div>\n\t\t","protected":false},"excerpt":{"rendered":"<p>Seminari specializzati ESCLUSIVO Formazione geotecnica per giovani agricoltori KEK10 K.D.B.M., certificato dall&#8217;Organizzazione Nazionale per le Qualifiche e l&#8217;Orientamento Professionale (EOPPEP) e dal Ministero dell&#8217;Educazione, della Religione e dello Sport (codice [&hellip;]<\/p>\n","protected":false},"author":1,"featured_media":0,"parent":5347,"menu_order":0,"comment_status":"closed","ping_status":"closed","template":"","meta":{"_eb_attr":"","site-sidebar-layout":"no-sidebar","site-content-layout":"page-builder","ast-site-content-layout":"full-width-container","site-content-style":"default","site-sidebar-style":"default","ast-global-header-display":"","ast-banner-title-visibility":"","ast-main-header-display":"","ast-hfb-above-header-display":"","ast-hfb-below-header-display":"","ast-hfb-mobile-header-display":"","site-post-title":"disabled","ast-breadcrumbs-content":"","ast-featured-img":"disabled","footer-sml-layout":"","ast-disable-related-posts":"","theme-transparent-header-meta":"","adv-header-id-meta":"","stick-header-meta":"","header-above-stick-meta":"","header-main-stick-meta":"","header-below-stick-meta":"","astra-migrate-meta-layouts":"default","ast-page-background-enabled":"default","ast-page-background-meta":{"desktop":{"background-color":"","background-image":"","background-repeat":"repeat","background-position":"center center","background-size":"auto","background-attachment":"scroll","background-type":"","background-media":"","overlay-type":"","overlay-color":"","overlay-opacity":"","overlay-gradient":""},"tablet":{"background-color":"","background-image":"","background-repeat":"repeat","background-position":"center center","background-size":"auto","background-attachment":"scroll","background-type":"","background-media":"","overlay-type":"","overlay-color":"","overlay-opacity":"","overlay-gradient":""},"mobile":{"background-color":"","background-image":"","background-repeat":"repeat","background-position":"center center","background-size":"auto","background-attachment":"scroll","background-type":"","background-media":"","overlay-type":"","overlay-color":"","overlay-opacity":"","overlay-gradient":""}},"ast-content-background-meta":{"desktop":{"background-color":"var(--ast-global-color-5)","background-image":"","background-repeat":"repeat","background-position":"center center","background-size":"auto","background-attachment":"scroll","background-type":"","background-media":"","overlay-type":"","overlay-color":"","overlay-opacity":"","overlay-gradient":""},"tablet":{"background-color":"var(--ast-global-color-5)","background-image":"","background-repeat":"repeat","background-position":"center center","background-size":"auto","background-attachment":"scroll","background-type":"","background-media":"","overlay-type":"","overlay-color":"","overlay-opacity":"","overlay-gradient":""},"mobile":{"background-color":"var(--ast-global-color-5)","background-image":"","background-repeat":"repeat","background-position":"center center","background-size":"auto","background-attachment":"scroll","background-type":"","background-media":"","overlay-type":"","overlay-color":"","overlay-opacity":"","overlay-gradient":""}},"footnotes":""},"class_list":["post-5302","page","type-page","status-publish","hentry"],"aioseo_notices":[],"_links":{"self":[{"href":"https:\/\/kek10.gr\/it\/wp-json\/wp\/v2\/pages\/5302","targetHints":{"allow":["GET"]}}],"collection":[{"href":"https:\/\/kek10.gr\/it\/wp-json\/wp\/v2\/pages"}],"about":[{"href":"https:\/\/kek10.gr\/it\/wp-json\/wp\/v2\/types\/page"}],"author":[{"embeddable":true,"href":"https:\/\/kek10.gr\/it\/wp-json\/wp\/v2\/users\/1"}],"replies":[{"embeddable":true,"href":"https:\/\/kek10.gr\/it\/wp-json\/wp\/v2\/comments?post=5302"}],"version-history":[{"count":0,"href":"https:\/\/kek10.gr\/it\/wp-json\/wp\/v2\/pages\/5302\/revisions"}],"up":[{"embeddable":true,"href":"https:\/\/kek10.gr\/it\/wp-json\/wp\/v2\/pages\/5347"}],"wp:attachment":[{"href":"https:\/\/kek10.gr\/it\/wp-json\/wp\/v2\/media?parent=5302"}],"curies":[{"name":"wp","href":"https:\/\/api.w.org\/{rel}","templated":true}]}}