{"id":5285,"date":"2023-09-08T17:03:29","date_gmt":"2023-09-08T14:03:29","guid":{"rendered":"https:\/\/kek10.gr\/servizi-di-apprendimento-permanente\/"},"modified":"2025-11-09T17:20:48","modified_gmt":"2025-11-09T14:20:48","slug":"servizi-di-apprendimento-permanente","status":"publish","type":"page","link":"https:\/\/kek10.gr\/it\/profilo-del-centro\/servizi-di-apprendimento-permanente\/","title":{"rendered":"Servizi di apprendimento permanente"},"content":{"rendered":"\t\t<div data-elementor-type=\"wp-page\" data-elementor-id=\"5285\" class=\"elementor elementor-5285 elementor-604\">\n\t\t\t\t\t\t<section class=\"elementor-section elementor-top-section elementor-element elementor-element-655cb30 elementor-section-boxed elementor-section-height-default elementor-section-height-default\" data-id=\"655cb30\" data-element_type=\"section\" data-e-type=\"section\" data-settings=\"{&quot;background_background&quot;:&quot;classic&quot;}\">\n\t\t\t\t\t\t\t<div class=\"elementor-background-overlay\"><\/div>\n\t\t\t\t\t\t\t<div class=\"elementor-container elementor-column-gap-default\">\n\t\t\t\t\t<div class=\"elementor-column elementor-col-100 elementor-top-column elementor-element elementor-element-328bdf5\" data-id=\"328bdf5\" data-element_type=\"column\" data-e-type=\"column\">\n\t\t\t<div class=\"elementor-widget-wrap elementor-element-populated\">\n\t\t\t\t\t\t<div class=\"elementor-element elementor-element-fda17f5 elementor-widget-divider--view-line elementor-widget elementor-widget-divider\" data-id=\"fda17f5\" data-element_type=\"widget\" data-e-type=\"widget\" data-widget_type=\"divider.default\">\n\t\t\t\t<div class=\"elementor-widget-container\">\n\t\t\t\t\t\t\t<div class=\"elementor-divider\">\n\t\t\t<span class=\"elementor-divider-separator\">\n\t\t\t\t\t\t<\/span>\n\t\t<\/div>\n\t\t\t\t\t\t<\/div>\n\t\t\t\t<\/div>\n\t\t\t\t<div class=\"elementor-element elementor-element-baefd30 elementor-widget elementor-widget-heading\" data-id=\"baefd30\" data-element_type=\"widget\" data-e-type=\"widget\" data-widget_type=\"heading.default\">\n\t\t\t\t<div class=\"elementor-widget-container\">\n\t\t\t\t\t<h1 class=\"elementor-heading-title elementor-size-default\">Servizi di apprendimento permanente<\/h1>\t\t\t\t<\/div>\n\t\t\t\t<\/div>\n\t\t\t\t\t<\/div>\n\t\t<\/div>\n\t\t\t\t\t<\/div>\n\t\t<\/section>\n\t\t\t\t<section class=\"elementor-section elementor-top-section elementor-element elementor-element-ba827eb elementor-section-boxed elementor-section-height-default elementor-section-height-default\" data-id=\"ba827eb\" data-element_type=\"section\" data-e-type=\"section\">\n\t\t\t\t\t\t<div class=\"elementor-container elementor-column-gap-default\">\n\t\t\t\t\t<div class=\"elementor-column elementor-col-50 elementor-top-column elementor-element elementor-element-07300e7\" data-id=\"07300e7\" data-element_type=\"column\" data-e-type=\"column\">\n\t\t\t<div class=\"elementor-widget-wrap elementor-element-populated\">\n\t\t\t\t\t\t<div class=\"elementor-element elementor-element-bde8f35 elementor-widget elementor-widget-text-editor\" data-id=\"bde8f35\" data-element_type=\"widget\" data-e-type=\"widget\" data-widget_type=\"text-editor.default\">\n\t\t\t\t<div class=\"elementor-widget-container\">\n\t\t\t\t\t\t\t\t\t<p><strong><u>ISTRUZIONE E FORMAZIONE<\/u><\/strong><\/p><p>La nostra azienda ha pi\u00f9 di 100 programmi di formazione che portano alla certificazione e ne sta acquisendo sempre di pi\u00f9, seguendo cos\u00ec i requisiti e le esigenze dei tempi. C \u201c\u00e8 una pletora di scelta di moduli per tutti i livelli e le esigenze di ogni discente, a seconda del livello di specializzazione che desidera o di cui ha bisogno. La nostra esperienza pluriennale unita alla nostra posizione geografica, dato che la distribuzione dei tirocinanti dei voucher e dei programmi di pubblica utilit\u00e0 avviene per regione, vale la pena sottolineare che la nostra azienda ne forma l\u201d 80%.  <\/p><p><strong><u>SERVIZI DI CONSULENZA<\/u><\/strong><\/p><p>Supporto alle aziende nei programmi di investimento (europei o NSRF), occupandosi della stesura della proposta e del monitoraggio della sua attuazione, nonch\u00e9 della ristrutturazione e dell \u201cammodernamento dell\u201d azienda.<\/p><p><strong><u>CATEGORIE DI PROGRAMMI DI FORMAZIONE \u2013 CERTIFICAZIONE<\/u><\/strong><\/p><p>I programmi di formazione si dividono in due categorie:<\/p><ul><li>Seminari autofinanziati per privati, aziende, enti locali, organizzazioni con finalit\u00e0 di formazione per s\u00e9 o per il proprio personale, come ad esempio seminari sulla sicurezza, ECDL, ispettori energetici, tecnici della sicurezza, sicurezza alimentare, primo soccorso, ecc.<\/li><li>Programmi sovvenzionati, riguardanti i disoccupati iscritti al registro del D.Y.A. (VOUCHER, KOINOFELES).<\/li><\/ul><p>Viene effettuata la formazione dei soggetti interessati:<\/p><ul><li>Nelle sale appositamente progettate che abbiamo nei nostri locali o nelle sale di terzi.<\/li><li>Attraverso una moderna teleformazione (il tirocinante partecipa a una videoconferenza con il formatore e gli altri tirocinanti del dipartimento).<\/li><li>Attraverso la teleformazione asincrona (il corsista studia il materiale didattico pubblicato sulla pagina del corso nel suo tempo libero).<\/li><\/ul><p>Per quanto riguarda la certificazione, il corsista riceve un attestato di frequenza al termine del corso e, se supera gli esami, riceve il Certificato di Qualificazione. In qualit\u00e0 di Centro d&#8217;esame accreditato, gli esami per la certificazione vengono svolti presso la nostra sede, sempre in collaborazione con le organizzazioni di certificazione internazionali. <\/p>\t\t\t\t\t\t\t\t<\/div>\n\t\t\t\t<\/div>\n\t\t\t\t\t<\/div>\n\t\t<\/div>\n\t\t\t\t<div class=\"elementor-column elementor-col-50 elementor-top-column elementor-element elementor-element-6ec854a\" data-id=\"6ec854a\" data-element_type=\"column\" data-e-type=\"column\">\n\t\t\t<div class=\"elementor-widget-wrap elementor-element-populated\">\n\t\t\t\t\t\t<div class=\"elementor-element elementor-element-23bdcbb eael-wpforms-labels-yes eael-wpforms-form-button-custom elementor-widget elementor-widget-eael-wpforms\" data-id=\"23bdcbb\" data-element_type=\"widget\" data-e-type=\"widget\" data-widget_type=\"eael-wpforms.default\">\n\t\t\t\t<div class=\"elementor-widget-container\">\n\t\t\t\t\t            <div class=\"eael-contact-form eael-wpforms title-description-hide eael-wpforms-align-default\">\n                                    <div class=\"eael-wpforms-heading\">\n                                                    <h3 class=\"eael-contact-form-title eael-wpforms-title\">\n                                Manifestazione di interesse:                            <\/h3>\n                                                                    <\/div>\n                                <div class=\"wpforms-container \" id=\"wpforms-11\"><form id=\"wpforms-form-11\" class=\"wpforms-validate wpforms-form\" data-formid=\"11\" method=\"post\" enctype=\"multipart\/form-data\" action=\"\/it\/wp-json\/wp\/v2\/pages\/5285\" data-token=\"b3aaf2c9c31d04ffc7a6d6dee5f97a6c\" data-token-time=\"1776954359\"><noscript class=\"wpforms-error-noscript\">Per favore, attiva JavaScript nel tuo browser per completare questo modulo.<\/noscript><div class=\"wpforms-field-container\"><div id=\"wpforms-11-field_0-container\" class=\"wpforms-field wpforms-field-name\" data-field-id=\"0\"><label class=\"wpforms-field-label wpforms-label-hide\" for=\"wpforms-11-field_0\">Nome <span class=\"wpforms-required-label\">*<\/span><\/label><input type=\"text\" id=\"wpforms-11-field_0\" class=\"wpforms-field-large wpforms-field-required\" name=\"wpforms[fields][0]\" placeholder=\"Nome*\" required><\/div><div id=\"wpforms-11-field_17-container\" class=\"wpforms-field wpforms-field-name\" data-field-id=\"17\"><label class=\"wpforms-field-label wpforms-label-hide\" for=\"wpforms-11-field_17\">Cognome <span class=\"wpforms-required-label\">*<\/span><\/label><input type=\"text\" id=\"wpforms-11-field_17\" class=\"wpforms-field-large wpforms-field-required\" name=\"wpforms[fields][17]\" placeholder=\"Cognome*\" required><\/div><div id=\"wpforms-11-field_3-container\" class=\"wpforms-field wpforms-field-text\" data-field-id=\"3\"><label class=\"wpforms-field-label wpforms-label-hide\" for=\"wpforms-11-field_3\">Telefono di contatto <span class=\"wpforms-required-label\">*<\/span><\/label><input type=\"text\" id=\"wpforms-11-field_3\" class=\"wpforms-field-large wpforms-field-required\" name=\"wpforms[fields][3]\" placeholder=\"Telefono di contatto*\" required><\/div><div id=\"wpforms-11-field_16-container\" class=\"wpforms-field wpforms-field-text\" data-field-id=\"16\"><label class=\"wpforms-field-label wpforms-label-hide\" for=\"wpforms-11-field_16\">Area<\/label><input type=\"text\" id=\"wpforms-11-field_16\" class=\"wpforms-field-large\" name=\"wpforms[fields][16]\" placeholder=\"Area\" ><\/div><div id=\"wpforms-11-field_1-container\" class=\"wpforms-field wpforms-field-email\" data-field-id=\"1\"><label class=\"wpforms-field-label wpforms-label-hide\" for=\"wpforms-11-field_1\">E-mail <span class=\"wpforms-required-label\">*<\/span><\/label><input type=\"email\" id=\"wpforms-11-field_1\" class=\"wpforms-field-large wpforms-field-required\" name=\"wpforms[fields][1]\" placeholder=\"E-mail*\" spellcheck=\"false\" required><\/div><div id=\"wpforms-11-field_2-container\" class=\"wpforms-field wpforms-field-textarea\" data-field-id=\"2\"><label class=\"wpforms-field-label wpforms-label-hide\" for=\"wpforms-11-field_2\">Come possiamo aiutarti?<\/label><textarea id=\"wpforms-11-field_2\" class=\"wpforms-field-large wpforms-limit-characters-enabled\" data-form-id=\"11\" data-field-id=\"2\" data-text-limit=\"300\" name=\"wpforms[fields][2]\" placeholder=\"Scrivi il tuo messaggio\" maxlength=\"300\" ><\/textarea><\/div><div id=\"wpforms-11-field_7-container\" class=\"wpforms-field wpforms-field-mailchimp\" data-field-id=\"7\"><ul id=\"\" class=\"\"><li class=\"choice-0 depth-1\"><input type=\"checkbox\" id=\"wpforms-11-field_7_0\" name=\"wpforms[fields][7]\" value=\"1\"  ><label class=\"wpforms-field-label-inline\" for=\"wpforms-11-field_7_0\">Desidero ricevere e-mail\/messaggi\/telefonate da KEK10 per essere informato sui programmi di formazione e altri servizi.<\/label><\/li><\/ul><\/div><div id=\"wpforms-11-field_6-container\" class=\"wpforms-field wpforms-field-checkbox\" data-field-id=\"6\"><label class=\"wpforms-field-label wpforms-label-hide\">Dati personali <span class=\"wpforms-required-label\">*<\/span><\/label><ul id=\"wpforms-11-field_6\" class=\"wpforms-field-required\"><li class=\"choice-1 depth-1 wpforms-selected\"><input type=\"checkbox\" id=\"wpforms-11-field_6_1\" name=\"wpforms[fields][6][]\" value=\"Inviando il modulo di cui sopra, accetto di fornire il mio consenso al trattamento dei miei dati personali come specificamente definito nel Regolamento generale sulla protezione dei dati GDPR.\" required  checked='checked'><label class=\"wpforms-field-label-inline\" for=\"wpforms-11-field_6_1\">Inviando il modulo di cui sopra, accetto di fornire il mio consenso al trattamento dei miei dati personali come specificamente definito nel Regolamento generale sulla protezione dei dati GDPR.<\/label><\/li><\/ul><\/div><\/div><!-- .wpforms-field-container --><div class=\"wpforms-field wpforms-field-hp\"><label for=\"wpforms-11-field-hp\" class=\"wpforms-field-label\">Message<\/label><input type=\"text\" name=\"wpforms[hp]\" id=\"wpforms-11-field-hp\" class=\"wpforms-field-medium\"><\/div><div class=\"wpforms-recaptcha-container wpforms-is-recaptcha wpforms-is-recaptcha-type-v3\" ><input type=\"hidden\" name=\"wpforms[recaptcha]\" value=\"\"><\/div><div class=\"wpforms-submit-container\" ><input type=\"hidden\" name=\"wpforms[id]\" value=\"11\"><input type=\"hidden\" name=\"page_title\" value=\"\"><input type=\"hidden\" name=\"page_url\" value=\"https:\/\/kek10.gr\/it\/wp-json\/wp\/v2\/pages\/5285\"><input type=\"hidden\" name=\"url_referer\" value=\"\"><button type=\"submit\" name=\"wpforms[submit]\" id=\"wpforms-submit-11\" class=\"wpforms-submit\" data-alt-text=\"Attendere prego...\" data-submit-text=\"Invia un messaggio\" aria-live=\"assertive\" value=\"wpforms-submit\">Invia un messaggio<\/button><\/div><\/form><\/div>  <!-- .wpforms-container -->            <\/div>\n\t\t\t\t<\/div>\n\t\t\t\t<\/div>\n\t\t\t\t\t<\/div>\n\t\t<\/div>\n\t\t\t\t\t<\/div>\n\t\t<\/section>\n\t\t\t\t<\/div>\n\t\t","protected":false},"excerpt":{"rendered":"<p>Servizi di apprendimento permanente ISTRUZIONE E FORMAZIONE La nostra azienda ha pi\u00f9 di 100 programmi di formazione che portano alla certificazione e ne sta acquisendo sempre di pi\u00f9, seguendo cos\u00ec [&hellip;]<\/p>\n","protected":false},"author":1,"featured_media":0,"parent":5391,"menu_order":0,"comment_status":"closed","ping_status":"closed","template":"","meta":{"_eb_attr":"","site-sidebar-layout":"no-sidebar","site-content-layout":"page-builder","ast-site-content-layout":"full-width-container","site-content-style":"default","site-sidebar-style":"default","ast-global-header-display":"","ast-banner-title-visibility":"","ast-main-header-display":"","ast-hfb-above-header-display":"","ast-hfb-below-header-display":"","ast-hfb-mobile-header-display":"","site-post-title":"disabled","ast-breadcrumbs-content":"","ast-featured-img":"disabled","footer-sml-layout":"","ast-disable-related-posts":"","theme-transparent-header-meta":"","adv-header-id-meta":"","stick-header-meta":"","header-above-stick-meta":"","header-main-stick-meta":"","header-below-stick-meta":"","astra-migrate-meta-layouts":"default","ast-page-background-enabled":"default","ast-page-background-meta":{"desktop":{"background-color":"","background-image":"","background-repeat":"repeat","background-position":"center center","background-size":"auto","background-attachment":"scroll","background-type":"","background-media":"","overlay-type":"","overlay-color":"","overlay-opacity":"","overlay-gradient":""},"tablet":{"background-color":"","background-image":"","background-repeat":"repeat","background-position":"center center","background-size":"auto","background-attachment":"scroll","background-type":"","background-media":"","overlay-type":"","overlay-color":"","overlay-opacity":"","overlay-gradient":""},"mobile":{"background-color":"","background-image":"","background-repeat":"repeat","background-position":"center center","background-size":"auto","background-attachment":"scroll","background-type":"","background-media":"","overlay-type":"","overlay-color":"","overlay-opacity":"","overlay-gradient":""}},"ast-content-background-meta":{"desktop":{"background-color":"var(--ast-global-color-5)","background-image":"","background-repeat":"repeat","background-position":"center center","background-size":"auto","background-attachment":"scroll","background-type":"","background-media":"","overlay-type":"","overlay-color":"","overlay-opacity":"","overlay-gradient":""},"tablet":{"background-color":"var(--ast-global-color-5)","background-image":"","background-repeat":"repeat","background-position":"center center","background-size":"auto","background-attachment":"scroll","background-type":"","background-media":"","overlay-type":"","overlay-color":"","overlay-opacity":"","overlay-gradient":""},"mobile":{"background-color":"var(--ast-global-color-5)","background-image":"","background-repeat":"repeat","background-position":"center center","background-size":"auto","background-attachment":"scroll","background-type":"","background-media":"","overlay-type":"","overlay-color":"","overlay-opacity":"","overlay-gradient":""}},"footnotes":""},"class_list":["post-5285","page","type-page","status-publish","hentry"],"aioseo_notices":[],"_links":{"self":[{"href":"https:\/\/kek10.gr\/it\/wp-json\/wp\/v2\/pages\/5285","targetHints":{"allow":["GET"]}}],"collection":[{"href":"https:\/\/kek10.gr\/it\/wp-json\/wp\/v2\/pages"}],"about":[{"href":"https:\/\/kek10.gr\/it\/wp-json\/wp\/v2\/types\/page"}],"author":[{"embeddable":true,"href":"https:\/\/kek10.gr\/it\/wp-json\/wp\/v2\/users\/1"}],"replies":[{"embeddable":true,"href":"https:\/\/kek10.gr\/it\/wp-json\/wp\/v2\/comments?post=5285"}],"version-history":[{"count":1,"href":"https:\/\/kek10.gr\/it\/wp-json\/wp\/v2\/pages\/5285\/revisions"}],"predecessor-version":[{"id":6983,"href":"https:\/\/kek10.gr\/it\/wp-json\/wp\/v2\/pages\/5285\/revisions\/6983"}],"up":[{"embeddable":true,"href":"https:\/\/kek10.gr\/it\/wp-json\/wp\/v2\/pages\/5391"}],"wp:attachment":[{"href":"https:\/\/kek10.gr\/it\/wp-json\/wp\/v2\/media?parent=5285"}],"curies":[{"name":"wp","href":"https:\/\/api.w.org\/{rel}","templated":true}]}}