{"id":5276,"date":"2023-09-15T00:34:52","date_gmt":"2023-09-14T21:34:52","guid":{"rendered":"https:\/\/kek10.gr\/notizie\/"},"modified":"2025-06-02T18:15:03","modified_gmt":"2025-06-02T15:15:03","slug":"notizie","status":"publish","type":"page","link":"https:\/\/kek10.gr\/it\/notizie\/","title":{"rendered":"Notizie"},"content":{"rendered":"\t\t<div data-elementor-type=\"wp-page\" data-elementor-id=\"5276\" class=\"elementor elementor-5276 elementor-841\">\n\t\t\t\t\t\t<section class=\"elementor-section elementor-top-section elementor-element elementor-element-f2ebfa6 elementor-section-boxed elementor-section-height-default elementor-section-height-default\" data-id=\"f2ebfa6\" data-element_type=\"section\" data-e-type=\"section\" data-settings=\"{&quot;background_background&quot;:&quot;classic&quot;}\">\n\t\t\t\t\t\t\t<div class=\"elementor-background-overlay\"><\/div>\n\t\t\t\t\t\t\t<div class=\"elementor-container elementor-column-gap-default\">\n\t\t\t\t\t<div class=\"elementor-column elementor-col-100 elementor-top-column elementor-element elementor-element-605b479\" data-id=\"605b479\" data-element_type=\"column\" data-e-type=\"column\">\n\t\t\t<div class=\"elementor-widget-wrap elementor-element-populated\">\n\t\t\t\t\t\t<div class=\"elementor-element elementor-element-3de7af5 elementor-widget-divider--view-line elementor-widget elementor-widget-divider\" data-id=\"3de7af5\" data-element_type=\"widget\" data-e-type=\"widget\" data-widget_type=\"divider.default\">\n\t\t\t\t<div class=\"elementor-widget-container\">\n\t\t\t\t\t\t\t<div class=\"elementor-divider\">\n\t\t\t<span class=\"elementor-divider-separator\">\n\t\t\t\t\t\t<\/span>\n\t\t<\/div>\n\t\t\t\t\t\t<\/div>\n\t\t\t\t<\/div>\n\t\t\t\t<div class=\"elementor-element elementor-element-d983c33 elementor-widget elementor-widget-heading\" data-id=\"d983c33\" data-element_type=\"widget\" data-e-type=\"widget\" data-widget_type=\"heading.default\">\n\t\t\t\t<div class=\"elementor-widget-container\">\n\t\t\t\t\t<h1 class=\"elementor-heading-title elementor-size-default\">Notizie<\/h1>\t\t\t\t<\/div>\n\t\t\t\t<\/div>\n\t\t\t\t\t<\/div>\n\t\t<\/div>\n\t\t\t\t\t<\/div>\n\t\t<\/section>\n\t\t\t\t<section class=\"elementor-section elementor-top-section elementor-element elementor-element-731fee0 elementor-section-boxed elementor-section-height-default elementor-section-height-default\" data-id=\"731fee0\" data-element_type=\"section\" data-e-type=\"section\">\n\t\t\t\t\t\t<div class=\"elementor-container elementor-column-gap-default\">\n\t\t\t\t\t<div class=\"elementor-column elementor-col-100 elementor-top-column elementor-element elementor-element-fc6e28e\" data-id=\"fc6e28e\" data-element_type=\"column\" data-e-type=\"column\">\n\t\t\t<div class=\"elementor-widget-wrap elementor-element-populated\">\n\t\t\t\t\t\t<div class=\"elementor-element elementor-element-39b363e elementor-widget elementor-widget-spacer\" data-id=\"39b363e\" data-element_type=\"widget\" data-e-type=\"widget\" data-widget_type=\"spacer.default\">\n\t\t\t\t<div class=\"elementor-widget-container\">\n\t\t\t\t\t\t\t<div class=\"elementor-spacer\">\n\t\t\t<div class=\"elementor-spacer-inner\"><\/div>\n\t\t<\/div>\n\t\t\t\t\t\t<\/div>\n\t\t\t\t<\/div>\n\t\t\t\t<div class=\"elementor-element elementor-element-e32acc0 elementor-widget elementor-widget-eael-post-timeline\" data-id=\"e32acc0\" data-element_type=\"widget\" data-e-type=\"widget\" data-widget_type=\"eael-post-timeline.default\">\n\t\t\t\t<div class=\"elementor-widget-container\">\n\t\t\t\t\t<div id=\"eael-post-timeline-e32acc0\" class=\"eael-post-timeline timeline-layout-card eael-post-timeline-arrow-top\">\n            <div class=\"eael-post-timeline eael-post-appender eael-post-appender-e32acc0\"><article class=\"eael-timeline-post\">\n    <div class=\"eael-timeline-bullet\"><\/div>\n    <div class=\"eael-timeline-post-inner\">\n        <a class=\"eael-timeline-post-link\" href=\"https:\/\/kek10.gr\/it\/vi-informiamo-che-secondo-lannuncio-di-dypa-la-possibilita-di-scegliere-un-programma-di-formazione-per-gli-iscritti-al-registro-dei-lavoratori-beneficiari-del-programma-dypa-e-temporaneamente-sosp\/\" title=\"Vi informiamo che, secondo l&#8217;annuncio di DYPA, la possibilit\u00e0 di scegliere un programma di formazione per gli iscritti al Registro dei Lavoratori Beneficiari del programma DYPA \u00e8 temporaneamente sospesa. Per chi non ha completato la procedura, la possibilit\u00e0 di scegliere un programma di formazione riprender\u00e0 luned\u00ec 30 marzo, dopo la pubblicazione di un annuncio correlato da parte di DYPA.\">\n            <time datetime=\"27 Marzo 2026\">27 Marzo 2026<\/time>\n            <div class=\"eael-timeline-content\"><div class=\"eael-timeline-post-title\">\n\t\t                    <div class=\"eael-timeline-post-title-text\">Vi informiamo che, secondo l&#8217;annuncio di DYPA, la possibilit\u00e0 di scegliere un programma di formazione per gli iscritti al Registro dei Lavoratori Beneficiari del programma DYPA \u00e8 temporaneamente sospesa. Per chi non ha completato la procedura, la possibilit\u00e0 di scegliere un programma di formazione riprender\u00e0 luned\u00ec 30 marzo, dopo la pubblicazione di un annuncio correlato da parte di DYPA.<\/div>\n\t\t                <\/div><\/div><\/a>\n    <\/div>\n    <div class=\"eael-timeline-clear\"><\/div>\n<\/article><article class=\"eael-timeline-post\">\n    <div class=\"eael-timeline-bullet\"><\/div>\n    <div class=\"eael-timeline-post-inner\">\n        <a class=\"eael-timeline-post-link\" href=\"https:\/\/kek10.gr\/it\/oggi-venerdi-27-marzo-inizia-la-possibilita-di-scegliere-programmi-di-formazione-per-coloro-che-sono-iscritti-nel-registro-dei-lavoratori-beneficiari-del-programma-dypa-voucher750\/\" title=\"Oggi, venerd\u00ec 27 marzo, inizia la possibilit\u00e0 di scegliere programmi di formazione per coloro che sono iscritti nel Registro dei Lavoratori Beneficiari del programma DYPA (VOUCHER750).\">\n            <time datetime=\"27 Marzo 2026\">27 Marzo 2026<\/time>\n            <div class=\"eael-timeline-content\"><div class=\"eael-timeline-post-title\">\n\t\t                    <div class=\"eael-timeline-post-title-text\">Oggi, venerd\u00ec 27 marzo, inizia la possibilit\u00e0 di scegliere programmi di formazione per coloro che sono iscritti nel Registro dei Lavoratori Beneficiari del programma DYPA (VOUCHER750).<\/div>\n\t\t                <\/div><\/div><\/a>\n    <\/div>\n    <div class=\"eael-timeline-clear\"><\/div>\n<\/article><article class=\"eael-timeline-post\">\n    <div class=\"eael-timeline-bullet\"><\/div>\n    <div class=\"eael-timeline-post-inner\">\n        <a class=\"eael-timeline-post-link\" href=\"https:\/\/kek10.gr\/it\/oggi-martedi-10-marzo-alle-ore-1200-e-stata-aperta-la-presentazione-delle-domande-per-il-tanto-atteso-programma-di-formazione-a-distanza-del-dypa-con-un-compenso-di-750e-secondo-un-comunicato-st\/\" title=\"Oggi, marted\u00ec 10 marzo, alle ore 12:00, \u00e8 stata aperta la presentazione delle domande per il tanto atteso programma di formazione a distanza del DYPA, con un compenso di 750\u20ac. Secondo un comunicato stampa odierno del DYPA, la procedura di presentazione delle domande si concluder\u00e0 gioved\u00ec 12 marzo alle ore 12:00. Gli interessati devono caricare la documentazione completa e corretta al momento della presentazione della domanda.\">\n            <time datetime=\"10 Marzo 2026\">10 Marzo 2026<\/time>\n            <div class=\"eael-timeline-content\"><div class=\"eael-timeline-post-title\">\n\t\t                    <div class=\"eael-timeline-post-title-text\">Oggi, marted\u00ec 10 marzo, alle ore 12:00, \u00e8 stata aperta la presentazione delle domande per il tanto atteso programma di formazione a distanza del DYPA, con un compenso di 750\u20ac. Secondo un comunicato stampa odierno del DYPA, la procedura di presentazione delle domande si concluder\u00e0 gioved\u00ec 12 marzo alle ore 12:00. Gli interessati devono caricare la documentazione completa e corretta al momento della presentazione della domanda.<\/div>\n\t\t                <\/div><\/div><\/a>\n    <\/div>\n    <div class=\"eael-timeline-clear\"><\/div>\n<\/article><article class=\"eael-timeline-post\">\n    <div class=\"eael-timeline-bullet\"><\/div>\n    <div class=\"eael-timeline-post-inner\">\n        <a class=\"eael-timeline-post-link\" href=\"https:\/\/kek10.gr\/it\/martedi-10-marzo-alle-1200-si-aprono-le-candidature-dei-beneficiari-per-il-nuovo-voucher-da-750e-destinato-ai-lavoratori-del-settore-privato\/\" title=\"Marted\u00ec 10 marzo alle 12:00, si aprono le candidature dei beneficiari per il nuovo VOUCHER da 750\u20ac destinato ai lavoratori del settore privato.\">\n            <time datetime=\"6 Marzo 2026\">6 Marzo 2026<\/time>\n            <div class=\"eael-timeline-content\"><div class=\"eael-timeline-post-title\">\n\t\t                    <div class=\"eael-timeline-post-title-text\">Marted\u00ec 10 marzo alle 12:00, si aprono le candidature dei beneficiari per il nuovo VOUCHER da 750\u20ac destinato ai lavoratori del settore privato.<\/div>\n\t\t                <\/div><\/div><\/a>\n    <\/div>\n    <div class=\"eael-timeline-clear\"><\/div>\n<\/article><article class=\"eael-timeline-post\">\n    <div class=\"eael-timeline-bullet\"><\/div>\n    <div class=\"eael-timeline-post-inner\">\n        <a class=\"eael-timeline-post-link\" href=\"https:\/\/kek10.gr\/it\/avviso-programmi-di-formazione-per-tecnici-della-sicurezza-informiamo-i-datori-di-lavoro-e-i-dipendenti-interessati-che-lattuazione-dei-programmi-di-formazione-per-le-mansioni-di-tecnico-della-sic\/\" title=\"AVVISO: Programmi di Formazione per Tecnici della Sicurezza. Informiamo i datori di lavoro e i dipendenti interessati che l&#8217;attuazione dei programmi di formazione per le mansioni di Tecnico della Sicurezza (categorie di rischio B e C) \u00e8 prevista per maggio 2026. A causa del numero limitato di posti per classe e dell&#8217;elevata domanda, l&#8217;ordine di priorit\u00e0 \u00e8 rigoroso. Si prega gli interessati di esprimere immediatamente il proprio interesse per assicurarsi un posto nelle classi di maggio.\">\n            <time datetime=\"1 Marzo 2026\">1 Marzo 2026<\/time>\n            <div class=\"eael-timeline-content\"><div class=\"eael-timeline-post-title\">\n\t\t                    <div class=\"eael-timeline-post-title-text\">AVVISO: Programmi di Formazione per Tecnici della Sicurezza. Informiamo i datori di lavoro e i dipendenti interessati che l&#8217;attuazione dei programmi di formazione per le mansioni di Tecnico della Sicurezza (categorie di rischio B e C) \u00e8 prevista per maggio 2026. A causa del numero limitato di posti per classe e dell&#8217;elevata domanda, l&#8217;ordine di priorit\u00e0 \u00e8 rigoroso. Si prega gli interessati di esprimere immediatamente il proprio interesse per assicurarsi un posto nelle classi di maggio.<\/div>\n\t\t                <\/div><\/div><\/a>\n    <\/div>\n    <div class=\"eael-timeline-clear\"><\/div>\n<\/article><article class=\"eael-timeline-post\">\n    <div class=\"eael-timeline-bullet\"><\/div>\n    <div class=\"eael-timeline-post-inner\">\n        <a class=\"eael-timeline-post-link\" href=\"https:\/\/kek10.gr\/it\/ai-sensi-della-legislazione-vigente-articolo-34-della-legge-4554-2018-come-modificato-e-in-vigore-con-il-paragrafo-2-dellarticolo-98-della-legge-5239-2025-a178-coloro-che-partecipano-a-pro\/\" title=\"CONDIZIONI PER IL MANTENIMENTO DELLA CARTA DI DISOCCUPAZIONE\/CARTA DIGITALE DYPA IN CASO DI FORMAZIONE. LEGGI I DETTAGLI:\">\n            <time datetime=\"15 Dicembre 2025\">15 Dicembre 2025<\/time>\n            <div class=\"eael-timeline-content\"><div class=\"eael-timeline-post-title\">\n\t\t                    <div class=\"eael-timeline-post-title-text\">CONDIZIONI PER IL MANTENIMENTO DELLA CARTA DI DISOCCUPAZIONE\/CARTA DIGITALE DYPA IN CASO DI FORMAZIONE. LEGGI I DETTAGLI:<\/div>\n\t\t                <\/div><\/div><\/a>\n    <\/div>\n    <div class=\"eael-timeline-clear\"><\/div>\n<\/article><article class=\"eael-timeline-post\">\n    <div class=\"eael-timeline-bullet\"><\/div>\n    <div class=\"eael-timeline-post-inner\">\n        <a class=\"eael-timeline-post-link\" href=\"https:\/\/kek10.gr\/it\/il-nostro-centro-in-collaborazione-con-il-gruppo-d-group-ti-offre-la-possibilita-di-partecipare-gratuitamente-al-nuovo-programma-di-formazione-ai-for-all-una-serie-completa-di-14\/\" title=\"Il nostro centro, in collaborazione con il gruppo D Group, ti offre la possibilit\u00e0 di partecipare gratuitamente al nuovo programma di formazione \u201cAI FOR ALL\u201d \u2013 una serie completa di 14 moduli tematici, di formazione asincrona (150 ore), progettata per fornirti competenze moderne di Intelligenza Artificiale.\">\n            <time datetime=\"10 Novembre 2025\">10 Novembre 2025<\/time>\n            <div class=\"eael-timeline-content\"><div class=\"eael-timeline-post-title\">\n\t\t                    <div class=\"eael-timeline-post-title-text\">Il nostro centro, in collaborazione con il gruppo D Group, ti offre la possibilit\u00e0 di partecipare gratuitamente al nuovo programma di formazione \u201cAI FOR ALL\u201d \u2013 una serie completa di 14 moduli tematici, di formazione asincrona (150 ore), progettata per fornirti competenze moderne di Intelligenza Artificiale.<\/div>\n\t\t                <\/div><\/div><\/a>\n    <\/div>\n    <div class=\"eael-timeline-clear\"><\/div>\n<\/article><article class=\"eael-timeline-post\">\n    <div class=\"eael-timeline-bullet\"><\/div>\n    <div class=\"eael-timeline-post-inner\">\n        <a class=\"eael-timeline-post-link\" href=\"https:\/\/kek10.gr\/it\/invito-a-formatori-con-certificazione-formazione-adulti-eoppep-o-con-domanda-presentata-alleoppep\/\" title=\"INVITO A FORMATORI CON CERTIFICAZIONE FORMAZIONE ADULTI EOPPEP O CON DOMANDA PRESENTATA ALL&#8217;EOPPEP\">\n            <time datetime=\"4 Novembre 2025\">4 Novembre 2025<\/time>\n            <div class=\"eael-timeline-content\"><div class=\"eael-timeline-post-title\">\n\t\t                    <div class=\"eael-timeline-post-title-text\">INVITO A FORMATORI CON CERTIFICAZIONE FORMAZIONE ADULTI EOPPEP O CON DOMANDA PRESENTATA ALL&#8217;EOPPEP<\/div>\n\t\t                <\/div><\/div><\/a>\n    <\/div>\n    <div class=\"eael-timeline-clear\"><\/div>\n<\/article><article class=\"eael-timeline-post\">\n    <div class=\"eael-timeline-bullet\"><\/div>\n    <div class=\"eael-timeline-post-inner\">\n        <a class=\"eael-timeline-post-link\" href=\"https:\/\/kek10.gr\/it\/vi-informiamo-che-da-oggi-18-8-inizia-il-processo-di-preparazione-e-creazione-di-corsi-di-formazione-per-attivare-il-voucher-di-750e\/\" title=\"Vi informiamo che da oggi 18\/8, inizia il processo di preparazione e creazione di corsi di formazione, per attivare il voucher di 750\u20ac.\">\n            <time datetime=\"18 Agosto 2025\">18 Agosto 2025<\/time>\n            <div class=\"eael-timeline-content\"><div class=\"eael-timeline-post-title\">\n\t\t                    <div class=\"eael-timeline-post-title-text\">Vi informiamo che da oggi 18\/8, inizia il processo di preparazione e creazione di corsi di formazione, per attivare il voucher di 750\u20ac.<\/div>\n\t\t                <\/div><\/div><\/a>\n    <\/div>\n    <div class=\"eael-timeline-clear\"><\/div>\n<\/article><article class=\"eael-timeline-post\">\n    <div class=\"eael-timeline-bullet\"><\/div>\n    <div class=\"eael-timeline-post-inner\">\n        <a class=\"eael-timeline-post-link\" href=\"https:\/\/kek10.gr\/it\/vi-informiamo-che-oggi-08-08-2025-sono-aperte-le-iscrizioni-per-il-voucher-da-2000e-e-i-posti-sono-limitati\/\" title=\"Vi informiamo che oggi, 08\/08\/2025, sono aperte le iscrizioni per il VOUCHER da 2000\u20ac, e i posti sono limitati!\">\n            <time datetime=\"8 Agosto 2025\">8 Agosto 2025<\/time>\n            <div class=\"eael-timeline-content\"><div class=\"eael-timeline-post-title\">\n\t\t                    <div class=\"eael-timeline-post-title-text\">Vi informiamo che oggi, 08\/08\/2025, sono aperte le iscrizioni per il VOUCHER da 2000\u20ac, e i posti sono limitati!<\/div>\n\t\t                <\/div><\/div><\/a>\n    <\/div>\n    <div class=\"eael-timeline-clear\"><\/div>\n<\/article><\/div>\n\t\t<\/div>            <div class=\"eael-load-more-button-wrap eael-force-hide\">\n                <button class=\"eael-load-more-button\" id=\"eael-load-more-btn-e32acc0\" data-widget-id=\"e32acc0\" data-widget=\"e32acc0\" data-page-id=\"5276\" data-template=\"{&quot;dir&quot;:&quot;lite&quot;,&quot;file_name&quot;:&quot;card.php&quot;,&quot;name&quot;:&quot;Post-Timeline&quot;}\" data-class=\"Essential_Addons_Elementor\\Elements\\Post_Timeline\" data-layout=\"\" data-page=\"1\" data-args=\"orderby=date&amp;order=desc&amp;ignore_sticky_posts=1&amp;post_status=publish&amp;posts_per_page=10&amp;offset=0&amp;post_type=post&amp;tax_query%5B0%5D%5Btaxonomy%5D=category&amp;tax_query%5B0%5D%5Bfield%5D=term_id&amp;tax_query%5B0%5D%5Bterms%5D%5B0%5D=10&amp;tax_query%5Brelation%5D=AND\" data-max-page=\"5\">\n                    <span class=\"eael-btn-loader button__loader\"><\/span>\n                    <span class=\"eael_load_more_text\"><\/span>\n                <\/button>\n            <\/div>\n            \t\t\t\t<\/div>\n\t\t\t\t<\/div>\n\t\t\t\t\t<\/div>\n\t\t<\/div>\n\t\t\t\t\t<\/div>\n\t\t<\/section>\n\t\t\t\t<\/div>\n\t\t","protected":false},"excerpt":{"rendered":"<p>Notizie 29 \u039c\u03b1\u0390\u03bf\u03c5 2025 \u0388\u03c1\u03c7\u03b5\u03c4\u03b1\u03b9 \u03c4\u03bf \u039d\u03ad\u03bf Voucher \u03c4\u03b7\u03c2 \u0394.\u03a5\u03a0.\u0391. \u03b3\u03b9\u03b1 \u0391\u039d\u0395\u03a1\u0393\u039f\u03a5\u03a3 \u03ba\u03b1\u03b9 \u0395\u03c1\u03b3\u03b1\u03b6\u03cc\u03bc\u03b5\u03bd\u03bf\u03c5\u03c2 \u03c4\u03bf\u03c5 \u0399\u03b4\u03b9\u03c9\u03c4\u03b9\u03ba\u03bf\u03cd \u03a4\u03bf\u03bc\u03ad\u03b1 \u03a4\u03a9\u03a1\u0391, \u03bc\u03b5 \u0391\u03bd\u03b1\u03b2\u03b1\u03b8\u03bc\u03b9\u03c3\u03bc\u03ad\u03bd\u03bf \u0395\u03ba\u03c0\u03b1\u03b9\u03b4\u03b5\u03c5\u03c4\u03b9\u03ba\u03cc \u0395\u03c0\u03af\u03b4\u03bf\u03bc\u03b1 \u03ad\u03c9\u03c2 750\u20ac!!! 29 \u0391\u03c0\u03c1\u03b9\u03bb\u03af\u03bf\u03c5 2025 \u0397 \u03c0\u03c1\u03bf\u03ba\u03ae\u03c1\u03c5\u03be\u03b7 \u03b3\u03b9\u03b1 [&hellip;]<\/p>\n","protected":false},"author":1,"featured_media":0,"parent":0,"menu_order":0,"comment_status":"closed","ping_status":"closed","template":"","meta":{"_eb_attr":"","site-sidebar-layout":"no-sidebar","site-content-layout":"page-builder","ast-site-content-layout":"full-width-container","site-content-style":"default","site-sidebar-style":"default","ast-global-header-display":"","ast-banner-title-visibility":"","ast-main-header-display":"","ast-hfb-above-header-display":"","ast-hfb-below-header-display":"","ast-hfb-mobile-header-display":"","site-post-title":"disabled","ast-breadcrumbs-content":"","ast-featured-img":"disabled","footer-sml-layout":"","ast-disable-related-posts":"","theme-transparent-header-meta":"","adv-header-id-meta":"","stick-header-meta":"","header-above-stick-meta":"","header-main-stick-meta":"","header-below-stick-meta":"","astra-migrate-meta-layouts":"default","ast-page-background-enabled":"default","ast-page-background-meta":{"desktop":{"background-color":"","background-image":"","background-repeat":"repeat","background-position":"center center","background-size":"auto","background-attachment":"scroll","background-type":"","background-media":"","overlay-type":"","overlay-color":"","overlay-opacity":"","overlay-gradient":""},"tablet":{"background-color":"","background-image":"","background-repeat":"repeat","background-position":"center center","background-size":"auto","background-attachment":"scroll","background-type":"","background-media":"","overlay-type":"","overlay-color":"","overlay-opacity":"","overlay-gradient":""},"mobile":{"background-color":"","background-image":"","background-repeat":"repeat","background-position":"center center","background-size":"auto","background-attachment":"scroll","background-type":"","background-media":"","overlay-type":"","overlay-color":"","overlay-opacity":"","overlay-gradient":""}},"ast-content-background-meta":{"desktop":{"background-color":"var(--ast-global-color-5)","background-image":"","background-repeat":"repeat","background-position":"center center","background-size":"auto","background-attachment":"scroll","background-type":"","background-media":"","overlay-type":"","overlay-color":"","overlay-opacity":"","overlay-gradient":""},"tablet":{"background-color":"var(--ast-global-color-5)","background-image":"","background-repeat":"repeat","background-position":"center center","background-size":"auto","background-attachment":"scroll","background-type":"","background-media":"","overlay-type":"","overlay-color":"","overlay-opacity":"","overlay-gradient":""},"mobile":{"background-color":"var(--ast-global-color-5)","background-image":"","background-repeat":"repeat","background-position":"center center","background-size":"auto","background-attachment":"scroll","background-type":"","background-media":"","overlay-type":"","overlay-color":"","overlay-opacity":"","overlay-gradient":""}},"footnotes":""},"class_list":["post-5276","page","type-page","status-publish","hentry"],"aioseo_notices":[],"_links":{"self":[{"href":"https:\/\/kek10.gr\/it\/wp-json\/wp\/v2\/pages\/5276","targetHints":{"allow":["GET"]}}],"collection":[{"href":"https:\/\/kek10.gr\/it\/wp-json\/wp\/v2\/pages"}],"about":[{"href":"https:\/\/kek10.gr\/it\/wp-json\/wp\/v2\/types\/page"}],"author":[{"embeddable":true,"href":"https:\/\/kek10.gr\/it\/wp-json\/wp\/v2\/users\/1"}],"replies":[{"embeddable":true,"href":"https:\/\/kek10.gr\/it\/wp-json\/wp\/v2\/comments?post=5276"}],"version-history":[{"count":0,"href":"https:\/\/kek10.gr\/it\/wp-json\/wp\/v2\/pages\/5276\/revisions"}],"wp:attachment":[{"href":"https:\/\/kek10.gr\/it\/wp-json\/wp\/v2\/media?parent=5276"}],"curies":[{"name":"wp","href":"https:\/\/api.w.org\/{rel}","templated":true}]}}