{"id":5241,"date":"2024-01-03T14:48:10","date_gmt":"2024-01-03T11:48:10","guid":{"rendered":"https:\/\/kek10.gr\/accademia-politica\/"},"modified":"2026-01-19T17:17:23","modified_gmt":"2026-01-19T14:17:23","slug":"accademia-politica","status":"publish","type":"page","link":"https:\/\/kek10.gr\/it\/seminari\/accademia-politica\/","title":{"rendered":"Sistema Braille di Scrittura e Lettura per Ciechi"},"content":{"rendered":"\t\t<div data-elementor-type=\"wp-page\" data-elementor-id=\"5241\" class=\"elementor elementor-5241 elementor-2160\">\n\t\t\t\t\t\t<section class=\"elementor-section elementor-top-section elementor-element elementor-element-e76c0df elementor-section-boxed elementor-section-height-default elementor-section-height-default\" data-id=\"e76c0df\" data-element_type=\"section\" data-e-type=\"section\" data-settings=\"{&quot;background_background&quot;:&quot;classic&quot;}\">\n\t\t\t\t\t\t\t<div class=\"elementor-background-overlay\"><\/div>\n\t\t\t\t\t\t\t<div class=\"elementor-container elementor-column-gap-default\">\n\t\t\t\t\t<div class=\"elementor-column elementor-col-100 elementor-top-column elementor-element elementor-element-06c506b\" data-id=\"06c506b\" data-element_type=\"column\" data-e-type=\"column\">\n\t\t\t<div class=\"elementor-widget-wrap elementor-element-populated\">\n\t\t\t\t\t\t<div class=\"elementor-element elementor-element-6206d57 elementor-widget-divider--view-line elementor-widget elementor-widget-divider\" data-id=\"6206d57\" data-element_type=\"widget\" data-e-type=\"widget\" data-widget_type=\"divider.default\">\n\t\t\t\t<div class=\"elementor-widget-container\">\n\t\t\t\t\t\t\t<div class=\"elementor-divider\">\n\t\t\t<span class=\"elementor-divider-separator\">\n\t\t\t\t\t\t<\/span>\n\t\t<\/div>\n\t\t\t\t\t\t<\/div>\n\t\t\t\t<\/div>\n\t\t\t\t<div class=\"elementor-element elementor-element-4b42af9 elementor-widget-divider--view-line elementor-widget elementor-widget-divider\" data-id=\"4b42af9\" data-element_type=\"widget\" data-e-type=\"widget\" data-widget_type=\"divider.default\">\n\t\t\t\t<div class=\"elementor-widget-container\">\n\t\t\t\t\t\t\t<div class=\"elementor-divider\">\n\t\t\t<span class=\"elementor-divider-separator\">\n\t\t\t\t\t\t<\/span>\n\t\t<\/div>\n\t\t\t\t\t\t<\/div>\n\t\t\t\t<\/div>\n\t\t\t\t<div class=\"elementor-element elementor-element-7d3977c elementor-widget-divider--view-line elementor-widget elementor-widget-divider\" data-id=\"7d3977c\" data-element_type=\"widget\" data-e-type=\"widget\" data-widget_type=\"divider.default\">\n\t\t\t\t<div class=\"elementor-widget-container\">\n\t\t\t\t\t\t\t<div class=\"elementor-divider\">\n\t\t\t<span class=\"elementor-divider-separator\">\n\t\t\t\t\t\t<\/span>\n\t\t<\/div>\n\t\t\t\t\t\t<\/div>\n\t\t\t\t<\/div>\n\t\t\t\t<div class=\"elementor-element elementor-element-6154ed4 elementor-widget elementor-widget-heading\" data-id=\"6154ed4\" data-element_type=\"widget\" data-e-type=\"widget\" data-widget_type=\"heading.default\">\n\t\t\t\t<div class=\"elementor-widget-container\">\n\t\t\t\t\t<h1 class=\"elementor-heading-title elementor-size-default\">Sistema Braille di Scrittura e Lettura per Ciechi<\/h1>\t\t\t\t<\/div>\n\t\t\t\t<\/div>\n\t\t\t\t\t<\/div>\n\t\t<\/div>\n\t\t\t\t\t<\/div>\n\t\t<\/section>\n\t\t\t\t<section class=\"elementor-section elementor-top-section elementor-element elementor-element-ffbda22 elementor-section-boxed elementor-section-height-default elementor-section-height-default\" data-id=\"ffbda22\" data-element_type=\"section\" data-e-type=\"section\">\n\t\t\t\t\t\t<div class=\"elementor-container elementor-column-gap-default\">\n\t\t\t\t\t<div class=\"elementor-column elementor-col-50 elementor-top-column elementor-element elementor-element-efaf5f7\" data-id=\"efaf5f7\" data-element_type=\"column\" data-e-type=\"column\">\n\t\t\t<div class=\"elementor-widget-wrap elementor-element-populated\">\n\t\t\t\t\t\t<div class=\"elementor-element elementor-element-27a69e3 elementor-widget elementor-widget-text-editor\" data-id=\"27a69e3\" data-element_type=\"widget\" data-e-type=\"widget\" data-widget_type=\"text-editor.default\">\n\t\t\t\t<div class=\"elementor-widget-container\">\n\t\t\t\t\t\t\t\t\t<p><strong>Corso di formazione \u00abSistema di scrittura e lettura Braille per non vedenti\u00bb<\/strong><\/p><p>Mira alla formazione teorica e pratica di persone interessate a lavorare in contesti di servizio per persone con cecit\u00e0 parziale o totale, nel settore pubblico e\/o privato.<\/p><p><strong>A chi si rivolge<\/strong><\/p><p>Il programma si rivolge alle seguenti categorie di interessati:<\/p><ul><li>A insegnanti dell&#8217;istruzione generale primaria e secondaria.<\/li><li>A insegnanti di sostegno dell&#8217;istruzione primaria e secondaria.<\/li><li>A studenti di tutte le specializzazioni.<\/li><li>A chiunque sia interessato ad apprendere il linguaggio di scrittura e lettura dei non vedenti e ad ampliare le proprie conoscenze in questo specifico campo, indipendentemente dalla propria attivit\u00e0 professionale.<\/li><\/ul><p><strong>Obiettivo<\/strong><\/p><p>Il programma ha una durata totale di 200 ore e mira alla conoscenza del codice Braille, all&#8217;acquisizione di conoscenze teoriche e pratiche per la scrittura e la lettura in Braille, e all&#8217;acquisizione di conoscenze su questioni specifiche relative alle persone con disabilit\u00e0 visiva.<\/p><p><strong>Durata<\/strong><\/p><p>Il programma ha una durata complessiva di 200 ore, si svolge in un periodo di 2 mesi e corrisponde a 10 crediti ECVET.<\/p><p><strong>Modalit\u00e0 di svolgimento<\/strong><\/p><p>La progettazione didattica segue la metodologia che supporta l&#8217;apprendimento elettronico aperto e a distanza. L&#8217;insegnamento tramite un sistema di teleformazione asincrona si basa principalmente sullo studio asincrono del materiale didattico e sullo sviluppo di attivit\u00e0, al fine di garantire in larga misura l&#8217;autonomia del\/della partecipante. <\/p><p>Le unit\u00e0 didattiche sono divise in una parte teorica e una pratica.<\/p><ul><li>La parte teorica include \u2013 in sintesi \u2013 dati storici su Louis Braille, sul codice Braille e i metodi di scrittura, sulle tecnologie assistive per le persone con cecit\u00e0, sulle immagini tattili e visive e sui metodi di stampa, nonch\u00e9 sulle diverse implicazioni della vita delle persone con disabilit\u00e0, in particolare visiva, in relazione alla societ\u00e0 odierna.<\/li><li>La parte pratica include l&#8217;alfabeto greco, i numeri e i simboli numerici, la punteggiatura, nonch\u00e9 l&#8217;alfabeto inglese. Inoltre, ove ritenuto necessario, vengono presentate in dettaglio le regole della scrittura Braille. Alla fine di ogni unit\u00e0 vengono forniti esercizi pratici, basati su quanto insegnato nell&#8217;unit\u00e0, al fine di garantirne la piena assimilazione.  <\/li><\/ul><p><strong>Certificato di partecipazione<\/strong><\/p><p>Al completamento del programma e a condizione che non vi siano obblighi finanziari, il partecipante riceve immediatamente un certificato di completamento del programma in formato cartaceo, accompagnato da un Supplemento al Diploma.<\/p>\t\t\t\t\t\t\t\t<\/div>\n\t\t\t\t<\/div>\n\t\t\t\t\t<\/div>\n\t\t<\/div>\n\t\t\t\t<div class=\"elementor-column elementor-col-50 elementor-top-column elementor-element elementor-element-f9e83df\" data-id=\"f9e83df\" data-element_type=\"column\" data-e-type=\"column\">\n\t\t\t<div class=\"elementor-widget-wrap elementor-element-populated\">\n\t\t\t\t\t\t<div class=\"elementor-element elementor-element-8651de3 eael-wpforms-labels-yes eael-wpforms-form-button-custom elementor-widget elementor-widget-eael-wpforms\" data-id=\"8651de3\" data-element_type=\"widget\" data-e-type=\"widget\" data-widget_type=\"eael-wpforms.default\">\n\t\t\t\t<div class=\"elementor-widget-container\">\n\t\t\t\t\t            <div class=\"eael-contact-form eael-wpforms title-description-hide eael-wpforms-align-default\">\n                                    <div class=\"eael-wpforms-heading\">\n                                                    <h3 class=\"eael-contact-form-title eael-wpforms-title\">\n                                Manifestazione di interesse:                            <\/h3>\n                                                                    <\/div>\n                                <div class=\"wpforms-container \" id=\"wpforms-2960\"><form id=\"wpforms-form-2960\" class=\"wpforms-validate wpforms-form\" data-formid=\"2960\" method=\"post\" enctype=\"multipart\/form-data\" action=\"\/it\/wp-json\/wp\/v2\/pages\/5241\" data-token=\"6e448c685f0510862e1d76054ef680dc\" data-token-time=\"1776948512\"><noscript class=\"wpforms-error-noscript\">Per favore, attiva JavaScript nel tuo browser per completare questo modulo.<\/noscript><div class=\"wpforms-field-container\"><div id=\"wpforms-2960-field_0-container\" class=\"wpforms-field wpforms-field-name\" data-field-id=\"0\"><label class=\"wpforms-field-label wpforms-label-hide\" for=\"wpforms-2960-field_0\">NOME <span class=\"wpforms-required-label\">*<\/span><\/label><input type=\"text\" id=\"wpforms-2960-field_0\" class=\"wpforms-field-large wpforms-field-required\" name=\"wpforms[fields][0]\" placeholder=\"NOME*\" required><\/div><div id=\"wpforms-2960-field_19-container\" class=\"wpforms-field wpforms-field-name\" data-field-id=\"19\"><label class=\"wpforms-field-label wpforms-label-hide\" for=\"wpforms-2960-field_19\">NOME <span class=\"wpforms-required-label\">*<\/span><\/label><input type=\"text\" id=\"wpforms-2960-field_19\" class=\"wpforms-field-large wpforms-field-required\" name=\"wpforms[fields][19]\" placeholder=\"NOME*\" required><\/div><div id=\"wpforms-2960-field_3-container\" class=\"wpforms-field wpforms-field-text\" data-field-id=\"3\"><label class=\"wpforms-field-label wpforms-label-hide\" for=\"wpforms-2960-field_3\">TELEFONO DI CONTATTO <span class=\"wpforms-required-label\">*<\/span><\/label><input type=\"text\" id=\"wpforms-2960-field_3\" class=\"wpforms-field-large wpforms-field-required\" name=\"wpforms[fields][3]\" placeholder=\"TELEFONO DI CONTATTO*\" required><\/div><div id=\"wpforms-2960-field_1-container\" class=\"wpforms-field wpforms-field-email\" data-field-id=\"1\"><label class=\"wpforms-field-label wpforms-label-hide\" for=\"wpforms-2960-field_1\">E-MAIL <span class=\"wpforms-required-label\">*<\/span><\/label><input type=\"email\" id=\"wpforms-2960-field_1\" class=\"wpforms-field-large wpforms-field-required\" name=\"wpforms[fields][1]\" placeholder=\"E-MAIL*\" spellcheck=\"false\" required><\/div><div id=\"wpforms-2960-field_9-container\" class=\"wpforms-field wpforms-field-text\" data-field-id=\"9\"><label class=\"wpforms-field-label wpforms-label-hide\" for=\"wpforms-2960-field_9\">CITTA&#039; <span class=\"wpforms-required-label\">*<\/span><\/label><input type=\"text\" id=\"wpforms-2960-field_9\" class=\"wpforms-field-medium wpforms-field-required\" name=\"wpforms[fields][9]\" placeholder=\"CITTA&#039;*\" required><\/div><div id=\"wpforms-2960-field_10-container\" class=\"wpforms-field wpforms-field-text\" data-field-id=\"10\"><label class=\"wpforms-field-label wpforms-label-hide\" for=\"wpforms-2960-field_10\">TK<\/label><input type=\"text\" id=\"wpforms-2960-field_10\" class=\"wpforms-field-medium\" name=\"wpforms[fields][10]\" placeholder=\"TK\" ><\/div><div id=\"wpforms-2960-field_2-container\" class=\"wpforms-field wpforms-field-textarea\" data-field-id=\"2\"><label class=\"wpforms-field-label wpforms-label-hide\" for=\"wpforms-2960-field_2\">Come possiamo aiutarti?<\/label><textarea id=\"wpforms-2960-field_2\" class=\"wpforms-field-large wpforms-limit-characters-enabled\" data-form-id=\"2960\" data-field-id=\"2\" data-text-limit=\"300\" name=\"wpforms[fields][2]\" placeholder=\"Scrivi il tuo messaggio\" maxlength=\"300\" ><\/textarea><\/div><div id=\"wpforms-2960-field_7-container\" class=\"wpforms-field wpforms-field-mailchimp\" data-field-id=\"7\"><ul id=\"\" class=\"\"><li class=\"choice-0 depth-1\"><input type=\"checkbox\" id=\"wpforms-2960-field_7_0\" name=\"wpforms[fields][7]\" value=\"1\"  ><label class=\"wpforms-field-label-inline\" for=\"wpforms-2960-field_7_0\">Desidero ricevere e-mail\/messaggi\/telefonate da KEK10 per essere informato sui programmi di formazione e altri servizi.<\/label><\/li><\/ul><\/div><div id=\"wpforms-2960-field_6-container\" class=\"wpforms-field wpforms-field-checkbox\" data-field-id=\"6\"><label class=\"wpforms-field-label wpforms-label-hide\">Dati personali <span class=\"wpforms-required-label\">*<\/span><\/label><ul id=\"wpforms-2960-field_6\" class=\"wpforms-field-required\"><li class=\"choice-1 depth-1 wpforms-selected\"><input type=\"checkbox\" id=\"wpforms-2960-field_6_1\" name=\"wpforms[fields][6][]\" value=\"Inviando il modulo di cui sopra, accetto di fornire il mio consenso al trattamento dei miei dati personali come specificamente definito nel Regolamento generale sulla protezione dei dati GDPR.\" required  checked='checked'><label class=\"wpforms-field-label-inline\" for=\"wpforms-2960-field_6_1\">Inviando il modulo di cui sopra, accetto di fornire il mio consenso al trattamento dei miei dati personali come specificamente definito nel Regolamento generale sulla protezione dei dati GDPR.<\/label><\/li><\/ul><\/div><\/div><!-- .wpforms-field-container --><div class=\"wpforms-field wpforms-field-hp\"><label for=\"wpforms-2960-field-hp\" class=\"wpforms-field-label\">Email<\/label><input type=\"text\" name=\"wpforms[hp]\" id=\"wpforms-2960-field-hp\" class=\"wpforms-field-medium\"><\/div><div class=\"wpforms-recaptcha-container wpforms-is-recaptcha wpforms-is-recaptcha-type-v3\" ><input type=\"hidden\" name=\"wpforms[recaptcha]\" value=\"\"><\/div><div class=\"wpforms-submit-container\" ><input type=\"hidden\" name=\"wpforms[id]\" value=\"2960\"><input type=\"hidden\" name=\"page_title\" value=\"\"><input type=\"hidden\" name=\"page_url\" value=\"https:\/\/kek10.gr\/it\/wp-json\/wp\/v2\/pages\/5241\"><input type=\"hidden\" name=\"url_referer\" value=\"\"><button type=\"submit\" name=\"wpforms[submit]\" id=\"wpforms-submit-2960\" class=\"wpforms-submit\" data-alt-text=\"Attendere prego...\" data-submit-text=\"Invia un messaggio\" aria-live=\"assertive\" value=\"wpforms-submit\">Invia un messaggio<\/button><\/div><\/form><\/div>  <!-- .wpforms-container -->            <\/div>\n\t\t\t\t<\/div>\n\t\t\t\t<\/div>\n\t\t\t\t\t<\/div>\n\t\t<\/div>\n\t\t\t\t\t<\/div>\n\t\t<\/section>\n\t\t\t\t<section class=\"elementor-section elementor-top-section elementor-element elementor-element-25fe43d elementor-section-boxed elementor-section-height-default elementor-section-height-default\" data-id=\"25fe43d\" data-element_type=\"section\" data-e-type=\"section\">\n\t\t\t\t\t\t<div class=\"elementor-container elementor-column-gap-default\">\n\t\t\t\t\t<div class=\"elementor-column elementor-col-100 elementor-top-column elementor-element elementor-element-9253ad9\" data-id=\"9253ad9\" data-element_type=\"column\" data-e-type=\"column\">\n\t\t\t<div class=\"elementor-widget-wrap\">\n\t\t\t\t\t\t\t<\/div>\n\t\t<\/div>\n\t\t\t\t\t<\/div>\n\t\t<\/section>\n\t\t\t\t<section class=\"elementor-section elementor-top-section elementor-element elementor-element-5e9eb8f elementor-section-boxed elementor-section-height-default elementor-section-height-default\" data-id=\"5e9eb8f\" data-element_type=\"section\" data-e-type=\"section\">\n\t\t\t\t\t\t<div class=\"elementor-container elementor-column-gap-default\">\n\t\t\t\t\t<div class=\"elementor-column elementor-col-100 elementor-top-column elementor-element elementor-element-2be76f6\" data-id=\"2be76f6\" data-element_type=\"column\" data-e-type=\"column\">\n\t\t\t<div class=\"elementor-widget-wrap\">\n\t\t\t\t\t\t\t<\/div>\n\t\t<\/div>\n\t\t\t\t\t<\/div>\n\t\t<\/section>\n\t\t\t\t<\/div>\n\t\t","protected":false},"excerpt":{"rendered":"<p>Sistema Braille di Scrittura e Lettura per Ciechi Corso di formazione \u00abSistema di scrittura e lettura Braille per non vedenti\u00bb Mira alla formazione teorica e pratica di persone interessate a [&hellip;]<\/p>\n","protected":false},"author":2,"featured_media":0,"parent":5347,"menu_order":1,"comment_status":"closed","ping_status":"closed","template":"","meta":{"_eb_attr":"","site-sidebar-layout":"no-sidebar","site-content-layout":"page-builder","ast-site-content-layout":"full-width-container","site-content-style":"default","site-sidebar-style":"default","ast-global-header-display":"","ast-banner-title-visibility":"","ast-main-header-display":"","ast-hfb-above-header-display":"","ast-hfb-below-header-display":"","ast-hfb-mobile-header-display":"","site-post-title":"disabled","ast-breadcrumbs-content":"","ast-featured-img":"disabled","footer-sml-layout":"","ast-disable-related-posts":"","theme-transparent-header-meta":"","adv-header-id-meta":"","stick-header-meta":"","header-above-stick-meta":"","header-main-stick-meta":"","header-below-stick-meta":"","astra-migrate-meta-layouts":"default","ast-page-background-enabled":"default","ast-page-background-meta":{"desktop":{"background-color":"","background-image":"","background-repeat":"repeat","background-position":"center center","background-size":"auto","background-attachment":"scroll","background-type":"","background-media":"","overlay-type":"","overlay-color":"","overlay-opacity":"","overlay-gradient":""},"tablet":{"background-color":"","background-image":"","background-repeat":"repeat","background-position":"center center","background-size":"auto","background-attachment":"scroll","background-type":"","background-media":"","overlay-type":"","overlay-color":"","overlay-opacity":"","overlay-gradient":""},"mobile":{"background-color":"","background-image":"","background-repeat":"repeat","background-position":"center center","background-size":"auto","background-attachment":"scroll","background-type":"","background-media":"","overlay-type":"","overlay-color":"","overlay-opacity":"","overlay-gradient":""}},"ast-content-background-meta":{"desktop":{"background-color":"var(--ast-global-color-5)","background-image":"","background-repeat":"repeat","background-position":"center center","background-size":"auto","background-attachment":"scroll","background-type":"","background-media":"","overlay-type":"","overlay-color":"","overlay-opacity":"","overlay-gradient":""},"tablet":{"background-color":"var(--ast-global-color-5)","background-image":"","background-repeat":"repeat","background-position":"center center","background-size":"auto","background-attachment":"scroll","background-type":"","background-media":"","overlay-type":"","overlay-color":"","overlay-opacity":"","overlay-gradient":""},"mobile":{"background-color":"var(--ast-global-color-5)","background-image":"","background-repeat":"repeat","background-position":"center center","background-size":"auto","background-attachment":"scroll","background-type":"","background-media":"","overlay-type":"","overlay-color":"","overlay-opacity":"","overlay-gradient":""}},"footnotes":""},"class_list":["post-5241","page","type-page","status-publish","hentry"],"aioseo_notices":[],"_links":{"self":[{"href":"https:\/\/kek10.gr\/it\/wp-json\/wp\/v2\/pages\/5241","targetHints":{"allow":["GET"]}}],"collection":[{"href":"https:\/\/kek10.gr\/it\/wp-json\/wp\/v2\/pages"}],"about":[{"href":"https:\/\/kek10.gr\/it\/wp-json\/wp\/v2\/types\/page"}],"author":[{"embeddable":true,"href":"https:\/\/kek10.gr\/it\/wp-json\/wp\/v2\/users\/2"}],"replies":[{"embeddable":true,"href":"https:\/\/kek10.gr\/it\/wp-json\/wp\/v2\/comments?post=5241"}],"version-history":[{"count":6,"href":"https:\/\/kek10.gr\/it\/wp-json\/wp\/v2\/pages\/5241\/revisions"}],"predecessor-version":[{"id":7447,"href":"https:\/\/kek10.gr\/it\/wp-json\/wp\/v2\/pages\/5241\/revisions\/7447"}],"up":[{"embeddable":true,"href":"https:\/\/kek10.gr\/it\/wp-json\/wp\/v2\/pages\/5347"}],"wp:attachment":[{"href":"https:\/\/kek10.gr\/it\/wp-json\/wp\/v2\/media?parent=5241"}],"curies":[{"name":"wp","href":"https:\/\/api.w.org\/{rel}","templated":true}]}}